{"id":1730,"date":"2024-05-07T14:56:55","date_gmt":"2024-05-07T12:56:55","guid":{"rendered":"https:\/\/lotel.is\/?post_type=product&#038;p=1730"},"modified":"2024-12-06T16:07:37","modified_gmt":"2024-12-06T16:07:37","slug":"luxuspakkinn-fyrir-2","status":"publish","type":"product","link":"https:\/\/lotel.is\/is\/product\/luxuspakkinn-fyrir-2\/","title":{"rendered":"L\u00faxuspakkinn fyrir 2"},"content":{"rendered":"<p>&nbsp;<\/p>\n<p><strong>This offer includes:<\/strong><\/p>\n<p>2 x Gr\u00edmsey Bedding set, 140&#215;210 cm, 55\u00d775 cm, 80% cotton 20% polyester, 400 TC, white color<\/p>\n<p>2 x Towels Klass\u00edk 140 x 70 cm, 550 GSM<\/p>\n<p>2 x Towels Klass\u00edk 100 x 50 cm, 550 GSM<\/p>\n<p>1 x Bath mat Klass\u00edk 80 x 50 cm<\/p>\n<p>&nbsp;<\/p>\n<p><strong>Oferta ta obejmuje:<\/strong><\/p>\n<p>2 x Zestaw po\u015bcieli Gr\u00edmsey, 140&#215;210 cm, 55\u00d775 cm, 80% bawe\u0142na 20% poliester, 400 TC, bia\u0142y kolor<\/p>\n<p>2 x R\u0119cznikiKlass\u00edk 140 x 70 cm, 550 GSM<\/p>\n<p>2 x R\u0119czniki Klass\u00edk 100 x 50 cm, 550 GSM<\/p>\n<p>1 x Mata \u0142azienkowa Klass\u00edk 80 x 50 cm<\/p>\n<p>&nbsp;<\/p>\n<p>&nbsp;<\/p>\n","protected":false},"excerpt":{"rendered":"<p>&nbsp;<\/p>\n<p><em>English version available in the description box below\/ Polska wersja dost\u0119pna w opisie pod zdj\u0119ciem<\/em><\/p>\n<p><strong>\u00deetta tilbo\u00f0 inniheldur:<\/strong><\/p>\n<p>2 x Gr\u00edmsey R\u00famfatasett, 140x 210 cm, 55\u00d775 cm, 80% b\u00f3mull 20% p\u00f3lyester, 400 TC, hv\u00edtur<\/p>\n<p>2 x Handkl\u00e6\u00f0i Klass\u00edk 140 x 70 cm, 550 GSM<\/p>\n<p>2 x Handkl\u00e6\u00f0i Klass\u00edk 100 x 50 cm, 550 GSM<\/p>\n<p>1 x Ba\u00f0motta Klass\u00edk 80 x 50 cm<\/p>\n<p>&nbsp;<\/p>\n<p>&nbsp;<\/p>\n<p>&nbsp;<\/p>\n<p>&nbsp;<\/p>\n","protected":false},"featured_media":1732,"template":"","meta":{"_acf_changed":false,"_uf_show_specific_survey":0,"_uf_disable_surveys":false,"site-sidebar-layout":"default","site-content-layout":"","ast-site-content-layout":"default","site-content-style":"default","site-sidebar-style":"default","ast-global-header-display":"","ast-banner-title-visibility":"","ast-main-header-display":"","ast-hfb-above-header-display":"","ast-hfb-below-header-display":"","ast-hfb-mobile-header-display":"","site-post-title":"","ast-breadcrumbs-content":"","ast-featured-img":"","footer-sml-layout":"","theme-transparent-header-meta":"default","adv-header-id-meta":"","stick-header-meta":"","header-above-stick-meta":"","header-main-stick-meta":"","header-below-stick-meta":"","astra-migrate-meta-layouts":"set","ast-page-background-enabled":"default","ast-page-background-meta":{"desktop":{"background-color":"var(--ast-global-color-4)","background-image":"","background-repeat":"repeat","background-position":"center center","background-size":"auto","background-attachment":"scroll","background-type":"","background-media":"","overlay-type":"","overlay-color":"","overlay-gradient":""},"tablet":{"background-color":"","background-image":"","background-repeat":"repeat","background-position":"center center","background-size":"auto","background-attachment":"scroll","background-type":"","background-media":"","overlay-type":"","overlay-color":"","overlay-gradient":""},"mobile":{"background-color":"","background-image":"","background-repeat":"repeat","background-position":"center center","background-size":"auto","background-attachment":"scroll","background-type":"","background-media":"","overlay-type":"","overlay-color":"","overlay-gradient":""}},"ast-content-background-meta":{"desktop":{"background-color":"var(--ast-global-color-5)","background-image":"","background-repeat":"repeat","background-position":"center center","background-size":"auto","background-attachment":"scroll","background-type":"","background-media":"","overlay-type":"","overlay-color":"","overlay-gradient":""},"tablet":{"background-color":"var(--ast-global-color-5)","background-image":"","background-repeat":"repeat","background-position":"center center","background-size":"auto","background-attachment":"scroll","background-type":"","background-media":"","overlay-type":"","overlay-color":"","overlay-gradient":""},"mobile":{"background-color":"var(--ast-global-color-5)","background-image":"","background-repeat":"repeat","background-position":"center center","background-size":"auto","background-attachment":"scroll","background-type":"","background-media":"","overlay-type":"","overlay-color":"","overlay-gradient":""}}},"product_cat":[159],"product_tag":[],"acf":[],"yoast_head":"<!-- This site is optimized with the Yoast SEO plugin v22.6 - https:\/\/yoast.com\/wordpress\/plugins\/seo\/ -->\n<title>L\u00faxuspakkinn fyrir 2 - lotel.is<\/title>\n<meta name=\"robots\" content=\"index, follow, max-snippet:-1, max-image-preview:large, max-video-preview:-1\" \/>\n<link rel=\"canonical\" href=\"https:\/\/lotel.is\/is\/product\/luxuspakkinn-fyrir-2\/\" \/>\n<meta property=\"og:locale\" content=\"is_IS\" \/>\n<meta property=\"og:type\" content=\"article\" \/>\n<meta property=\"og:title\" content=\"L\u00faxuspakkinn fyrir 2 - lotel.is\" \/>\n<meta property=\"og:description\" content=\"&nbsp;  English version available in the description box below\/ Polska wersja dost\u0119pna w opisie pod zdj\u0119ciem  \u00deetta tilbo\u00f0 inniheldur:  2 x Gr\u00edmsey R\u00famfatasett, 140x 210 cm, 55\u00d775 cm, 80% b\u00f3mull 20% p\u00f3lyester, 400 TC, hv\u00edtur  2 x Handkl\u00e6\u00f0i Klass\u00edk 140 x 70 cm, 550 GSM  2 x Handkl\u00e6\u00f0i Klass\u00edk 100 x 50 cm, 550 GSM  1 x Ba\u00f0motta Klass\u00edk 80 x 50 cm  &nbsp;  &nbsp;  &nbsp;  &nbsp;\" \/>\n<meta property=\"og:url\" content=\"https:\/\/lotel.is\/is\/product\/luxuspakkinn-fyrir-2\/\" \/>\n<meta property=\"og:site_name\" content=\"lotel.is\" \/>\n<meta property=\"article:modified_time\" content=\"2024-12-06T16:07:37+00:00\" \/>\n<meta property=\"og:image\" content=\"https:\/\/lotel.is\/wp-content\/uploads\/2024\/05\/2.jpg\" \/>\n\t<meta property=\"og:image:width\" content=\"2048\" \/>\n\t<meta property=\"og:image:height\" content=\"1365\" \/>\n\t<meta property=\"og:image:type\" content=\"image\/jpeg\" \/>\n<meta name=\"twitter:card\" content=\"summary_large_image\" \/>\n<meta name=\"twitter:label1\" content=\"Est. reading time\" \/>\n\t<meta name=\"twitter:data1\" content=\"1 minute\" \/>\n<script type=\"application\/ld+json\" class=\"yoast-schema-graph\">{\"@context\":\"https:\/\/schema.org\",\"@graph\":[{\"@type\":\"WebPage\",\"@id\":\"https:\/\/lotel.is\/product\/luxuspakkinn-fyrir-2\/\",\"url\":\"https:\/\/lotel.is\/product\/luxuspakkinn-fyrir-2\/\",\"name\":\"L\u00faxuspakkinn fyrir 2 - lotel.is\",\"isPartOf\":{\"@id\":\"https:\/\/lotel.is\/#website\"},\"primaryImageOfPage\":{\"@id\":\"https:\/\/lotel.is\/product\/luxuspakkinn-fyrir-2\/#primaryimage\"},\"image\":{\"@id\":\"https:\/\/lotel.is\/product\/luxuspakkinn-fyrir-2\/#primaryimage\"},\"thumbnailUrl\":\"https:\/\/lotel.is\/wp-content\/uploads\/2024\/05\/2.jpg\",\"datePublished\":\"2024-05-07T12:56:55+00:00\",\"dateModified\":\"2024-12-06T16:07:37+00:00\",\"breadcrumb\":{\"@id\":\"https:\/\/lotel.is\/product\/luxuspakkinn-fyrir-2\/#breadcrumb\"},\"inLanguage\":\"is\",\"potentialAction\":[{\"@type\":\"ReadAction\",\"target\":[\"https:\/\/lotel.is\/product\/luxuspakkinn-fyrir-2\/\"]}]},{\"@type\":\"ImageObject\",\"inLanguage\":\"is\",\"@id\":\"https:\/\/lotel.is\/product\/luxuspakkinn-fyrir-2\/#primaryimage\",\"url\":\"https:\/\/lotel.is\/wp-content\/uploads\/2024\/05\/2.jpg\",\"contentUrl\":\"https:\/\/lotel.is\/wp-content\/uploads\/2024\/05\/2.jpg\",\"width\":2048,\"height\":1365},{\"@type\":\"BreadcrumbList\",\"@id\":\"https:\/\/lotel.is\/product\/luxuspakkinn-fyrir-2\/#breadcrumb\",\"itemListElement\":[{\"@type\":\"ListItem\",\"position\":1,\"name\":\"Strona g\u0142\u00f3wna\",\"item\":\"https:\/\/lotel.is\/\"},{\"@type\":\"ListItem\",\"position\":2,\"name\":\"Versla\",\"item\":\"https:\/\/lotel.is\/verslun\/\"},{\"@type\":\"ListItem\",\"position\":3,\"name\":\"L\u00faxuspakkinn fyrir 2\"}]},{\"@type\":\"WebSite\",\"@id\":\"https:\/\/lotel.is\/#website\",\"url\":\"https:\/\/lotel.is\/\",\"name\":\"lotel.is\",\"description\":\"lotel.is\",\"publisher\":{\"@id\":\"https:\/\/lotel.is\/#organization\"},\"potentialAction\":[{\"@type\":\"SearchAction\",\"target\":{\"@type\":\"EntryPoint\",\"urlTemplate\":\"https:\/\/lotel.is\/?s={search_term_string}\"},\"query-input\":\"required name=search_term_string\"}],\"inLanguage\":\"is\"},{\"@type\":\"Organization\",\"@id\":\"https:\/\/lotel.is\/#organization\",\"name\":\"lotel.is\",\"url\":\"https:\/\/lotel.is\/\",\"logo\":{\"@type\":\"ImageObject\",\"inLanguage\":\"is\",\"@id\":\"https:\/\/lotel.is\/#\/schema\/logo\/image\/\",\"url\":\"https:\/\/lotel.is\/wp-content\/uploads\/2023\/12\/cropped-Lotel_i_lit_1-2.png\",\"contentUrl\":\"https:\/\/lotel.is\/wp-content\/uploads\/2023\/12\/cropped-Lotel_i_lit_1-2.png\",\"width\":638,\"height\":227,\"caption\":\"lotel.is\"},\"image\":{\"@id\":\"https:\/\/lotel.is\/#\/schema\/logo\/image\/\"}}]}<\/script>\n<!-- \/ Yoast SEO plugin. -->","yoast_head_json":{"title":"L\u00faxuspakkinn fyrir 2 - lotel.is","robots":{"index":"index","follow":"follow","max-snippet":"max-snippet:-1","max-image-preview":"max-image-preview:large","max-video-preview":"max-video-preview:-1"},"canonical":"https:\/\/lotel.is\/is\/product\/luxuspakkinn-fyrir-2\/","og_locale":"is_IS","og_type":"article","og_title":"L\u00faxuspakkinn fyrir 2 - lotel.is","og_description":"&nbsp;  English version available in the description box below\/ Polska wersja dost\u0119pna w opisie pod zdj\u0119ciem  \u00deetta tilbo\u00f0 inniheldur:  2 x Gr\u00edmsey R\u00famfatasett, 140x 210 cm, 55\u00d775 cm, 80% b\u00f3mull 20% p\u00f3lyester, 400 TC, hv\u00edtur  2 x Handkl\u00e6\u00f0i Klass\u00edk 140 x 70 cm, 550 GSM  2 x Handkl\u00e6\u00f0i Klass\u00edk 100 x 50 cm, 550 GSM  1 x Ba\u00f0motta Klass\u00edk 80 x 50 cm  &nbsp;  &nbsp;  &nbsp;  &nbsp;","og_url":"https:\/\/lotel.is\/is\/product\/luxuspakkinn-fyrir-2\/","og_site_name":"lotel.is","article_modified_time":"2024-12-06T16:07:37+00:00","og_image":[{"width":2048,"height":1365,"url":"https:\/\/lotel.is\/wp-content\/uploads\/2024\/05\/2.jpg","type":"image\/jpeg"}],"twitter_card":"summary_large_image","twitter_misc":{"Est. reading time":"1 minute"},"schema":{"@context":"https:\/\/schema.org","@graph":[{"@type":"WebPage","@id":"https:\/\/lotel.is\/product\/luxuspakkinn-fyrir-2\/","url":"https:\/\/lotel.is\/product\/luxuspakkinn-fyrir-2\/","name":"L\u00faxuspakkinn fyrir 2 - lotel.is","isPartOf":{"@id":"https:\/\/lotel.is\/#website"},"primaryImageOfPage":{"@id":"https:\/\/lotel.is\/product\/luxuspakkinn-fyrir-2\/#primaryimage"},"image":{"@id":"https:\/\/lotel.is\/product\/luxuspakkinn-fyrir-2\/#primaryimage"},"thumbnailUrl":"https:\/\/lotel.is\/wp-content\/uploads\/2024\/05\/2.jpg","datePublished":"2024-05-07T12:56:55+00:00","dateModified":"2024-12-06T16:07:37+00:00","breadcrumb":{"@id":"https:\/\/lotel.is\/product\/luxuspakkinn-fyrir-2\/#breadcrumb"},"inLanguage":"is","potentialAction":[{"@type":"ReadAction","target":["https:\/\/lotel.is\/product\/luxuspakkinn-fyrir-2\/"]}]},{"@type":"ImageObject","inLanguage":"is","@id":"https:\/\/lotel.is\/product\/luxuspakkinn-fyrir-2\/#primaryimage","url":"https:\/\/lotel.is\/wp-content\/uploads\/2024\/05\/2.jpg","contentUrl":"https:\/\/lotel.is\/wp-content\/uploads\/2024\/05\/2.jpg","width":2048,"height":1365},{"@type":"BreadcrumbList","@id":"https:\/\/lotel.is\/product\/luxuspakkinn-fyrir-2\/#breadcrumb","itemListElement":[{"@type":"ListItem","position":1,"name":"Strona g\u0142\u00f3wna","item":"https:\/\/lotel.is\/"},{"@type":"ListItem","position":2,"name":"Versla","item":"https:\/\/lotel.is\/verslun\/"},{"@type":"ListItem","position":3,"name":"L\u00faxuspakkinn fyrir 2"}]},{"@type":"WebSite","@id":"https:\/\/lotel.is\/#website","url":"https:\/\/lotel.is\/","name":"lotel.is","description":"lotel.is","publisher":{"@id":"https:\/\/lotel.is\/#organization"},"potentialAction":[{"@type":"SearchAction","target":{"@type":"EntryPoint","urlTemplate":"https:\/\/lotel.is\/?s={search_term_string}"},"query-input":"required name=search_term_string"}],"inLanguage":"is"},{"@type":"Organization","@id":"https:\/\/lotel.is\/#organization","name":"lotel.is","url":"https:\/\/lotel.is\/","logo":{"@type":"ImageObject","inLanguage":"is","@id":"https:\/\/lotel.is\/#\/schema\/logo\/image\/","url":"https:\/\/lotel.is\/wp-content\/uploads\/2023\/12\/cropped-Lotel_i_lit_1-2.png","contentUrl":"https:\/\/lotel.is\/wp-content\/uploads\/2023\/12\/cropped-Lotel_i_lit_1-2.png","width":638,"height":227,"caption":"lotel.is"},"image":{"@id":"https:\/\/lotel.is\/#\/schema\/logo\/image\/"}}]}},"_links":{"self":[{"href":"https:\/\/lotel.is\/is\/wp-json\/wp\/v2\/product\/1730"}],"collection":[{"href":"https:\/\/lotel.is\/is\/wp-json\/wp\/v2\/product"}],"about":[{"href":"https:\/\/lotel.is\/is\/wp-json\/wp\/v2\/types\/product"}],"wp:featuredmedia":[{"embeddable":true,"href":"https:\/\/lotel.is\/is\/wp-json\/wp\/v2\/media\/1732"}],"wp:attachment":[{"href":"https:\/\/lotel.is\/is\/wp-json\/wp\/v2\/media?parent=1730"}],"wp:term":[{"taxonomy":"product_cat","embeddable":true,"href":"https:\/\/lotel.is\/is\/wp-json\/wp\/v2\/product_cat?post=1730"},{"taxonomy":"product_tag","embeddable":true,"href":"https:\/\/lotel.is\/is\/wp-json\/wp\/v2\/product_tag?post=1730"}],"curies":[{"name":"wp","href":"https:\/\/api.w.org\/{rel}","templated":true}]}}