{"id":1814,"date":"2024-10-24T13:15:09","date_gmt":"2024-10-24T13:15:09","guid":{"rendered":"https:\/\/lotel.is\/?post_type=product&#038;p=1814"},"modified":"2024-11-22T13:07:06","modified_gmt":"2024-11-22T13:07:06","slug":"prija-sturtusapur-380ml-5l","status":"publish","type":"product","link":"https:\/\/lotel.is\/is\/product\/prija-sturtusapur-380ml-5l\/","title":{"rendered":"Prija &#8211; sturtus\u00e1pur 380ml\/5L"},"content":{"rendered":"","protected":false},"excerpt":{"rendered":"<p>G\u00e6\u00f0a s\u00e1pur framleiddar \u00e1 \u00cdtal\u00edu. Einstakur ilmur og flottar umb\u00fa\u00f0ir. F\u00e1anlegar me\u00f0 5L \u00e1fyllingu. Veggfestingar \u00fearfnast ekki borunar.<\/p>\n<p><em><strong>Ginseng Sjamp\u00f3 og Sturtus\u00e1pa, Ginseng Hands\u00e1pa, Eruca Sativa Sjamp\u00f3, Green Walnut H\u00e1rn\u00e6ring<\/strong><\/em><\/p>\n","protected":false},"featured_media":1974,"template":"","meta":{"_acf_changed":false,"_uf_show_specific_survey":0,"_uf_disable_surveys":false,"site-sidebar-layout":"default","site-content-layout":"","ast-site-content-layout":"default","site-content-style":"default","site-sidebar-style":"default","ast-global-header-display":"","ast-banner-title-visibility":"","ast-main-header-display":"","ast-hfb-above-header-display":"","ast-hfb-below-header-display":"","ast-hfb-mobile-header-display":"","site-post-title":"","ast-breadcrumbs-content":"","ast-featured-img":"","footer-sml-layout":"","theme-transparent-header-meta":"default","adv-header-id-meta":"","stick-header-meta":"","header-above-stick-meta":"","header-main-stick-meta":"","header-below-stick-meta":"","astra-migrate-meta-layouts":"set","ast-page-background-enabled":"default","ast-page-background-meta":{"desktop":{"background-color":"var(--ast-global-color-4)","background-image":"","background-repeat":"repeat","background-position":"center center","background-size":"auto","background-attachment":"scroll","background-type":"","background-media":"","overlay-type":"","overlay-color":"","overlay-gradient":""},"tablet":{"background-color":"","background-image":"","background-repeat":"repeat","background-position":"center center","background-size":"auto","background-attachment":"scroll","background-type":"","background-media":"","overlay-type":"","overlay-color":"","overlay-gradient":""},"mobile":{"background-color":"","background-image":"","background-repeat":"repeat","background-position":"center center","background-size":"auto","background-attachment":"scroll","background-type":"","background-media":"","overlay-type":"","overlay-color":"","overlay-gradient":""}},"ast-content-background-meta":{"desktop":{"background-color":"var(--ast-global-color-5)","background-image":"","background-repeat":"repeat","background-position":"center center","background-size":"auto","background-attachment":"scroll","background-type":"","background-media":"","overlay-type":"","overlay-color":"","overlay-gradient":""},"tablet":{"background-color":"var(--ast-global-color-5)","background-image":"","background-repeat":"repeat","background-position":"center center","background-size":"auto","background-attachment":"scroll","background-type":"","background-media":"","overlay-type":"","overlay-color":"","overlay-gradient":""},"mobile":{"background-color":"var(--ast-global-color-5)","background-image":"","background-repeat":"repeat","background-position":"center center","background-size":"auto","background-attachment":"scroll","background-type":"","background-media":"","overlay-type":"","overlay-color":"","overlay-gradient":""}}},"product_cat":[83,98],"product_tag":[164,162,163,160,161],"acf":[],"yoast_head":"<!-- This site is optimized with the Yoast SEO plugin v22.6 - https:\/\/yoast.com\/wordpress\/plugins\/seo\/ -->\n<title>Prija - sturtus\u00e1pur 380ml\/5L - lotel.is<\/title>\n<meta name=\"description\" content=\"G\u00e6\u00f0a s\u00e1pur framleiddar \u00e1 \u00cdtal\u00edu. Einstakur ilmur og flottar umb\u00fa\u00f0ir. F\u00e1anlegar me\u00f0 5L \u00e1fyllingu. Veggfestingar \u00fearfnast ekki borunar.\" \/>\n<meta name=\"robots\" content=\"index, follow, max-snippet:-1, max-image-preview:large, max-video-preview:-1\" \/>\n<link rel=\"canonical\" href=\"https:\/\/lotel.is\/is\/product\/prija-sturtusapur-380ml-5l\/\" \/>\n<meta property=\"og:locale\" content=\"is_IS\" \/>\n<meta property=\"og:type\" content=\"article\" \/>\n<meta property=\"og:title\" content=\"Prija - sturtus\u00e1pur 380ml\/5L - lotel.is\" \/>\n<meta property=\"og:description\" content=\"G\u00e6\u00f0a s\u00e1pur framleiddar \u00e1 \u00cdtal\u00edu. Einstakur ilmur og flottar umb\u00fa\u00f0ir. F\u00e1anlegar me\u00f0 5L \u00e1fyllingu. Veggfestingar \u00fearfnast ekki borunar.\" \/>\n<meta property=\"og:url\" content=\"https:\/\/lotel.is\/is\/product\/prija-sturtusapur-380ml-5l\/\" \/>\n<meta property=\"og:site_name\" content=\"lotel.is\" \/>\n<meta property=\"article:modified_time\" content=\"2024-11-22T13:07:06+00:00\" \/>\n<meta property=\"og:image\" content=\"https:\/\/lotel.is\/wp-content\/uploads\/2024\/10\/prijaaaaa.jpg\" \/>\n\t<meta property=\"og:image:width\" content=\"940\" \/>\n\t<meta property=\"og:image:height\" content=\"788\" \/>\n\t<meta property=\"og:image:type\" content=\"image\/jpeg\" \/>\n<meta name=\"twitter:card\" content=\"summary_large_image\" \/>\n<meta name=\"twitter:label1\" content=\"Est. reading time\" \/>\n\t<meta name=\"twitter:data1\" content=\"1 minute\" \/>\n<script type=\"application\/ld+json\" class=\"yoast-schema-graph\">{\"@context\":\"https:\/\/schema.org\",\"@graph\":[{\"@type\":\"WebPage\",\"@id\":\"https:\/\/lotel.is\/product\/prija-sturtusapur-380ml-5l\/\",\"url\":\"https:\/\/lotel.is\/product\/prija-sturtusapur-380ml-5l\/\",\"name\":\"Prija - sturtus\u00e1pur 380ml\/5L - lotel.is\",\"isPartOf\":{\"@id\":\"https:\/\/lotel.is\/#website\"},\"primaryImageOfPage\":{\"@id\":\"https:\/\/lotel.is\/product\/prija-sturtusapur-380ml-5l\/#primaryimage\"},\"image\":{\"@id\":\"https:\/\/lotel.is\/product\/prija-sturtusapur-380ml-5l\/#primaryimage\"},\"thumbnailUrl\":\"https:\/\/lotel.is\/wp-content\/uploads\/2024\/10\/prijaaaaa.jpg\",\"datePublished\":\"2024-10-24T13:15:09+00:00\",\"dateModified\":\"2024-11-22T13:07:06+00:00\",\"description\":\"G\u00e6\u00f0a s\u00e1pur framleiddar \u00e1 \u00cdtal\u00edu. Einstakur ilmur og flottar umb\u00fa\u00f0ir. F\u00e1anlegar me\u00f0 5L \u00e1fyllingu. Veggfestingar \u00fearfnast ekki borunar.\",\"breadcrumb\":{\"@id\":\"https:\/\/lotel.is\/product\/prija-sturtusapur-380ml-5l\/#breadcrumb\"},\"inLanguage\":\"is\",\"potentialAction\":[{\"@type\":\"ReadAction\",\"target\":[\"https:\/\/lotel.is\/product\/prija-sturtusapur-380ml-5l\/\"]}]},{\"@type\":\"ImageObject\",\"inLanguage\":\"is\",\"@id\":\"https:\/\/lotel.is\/product\/prija-sturtusapur-380ml-5l\/#primaryimage\",\"url\":\"https:\/\/lotel.is\/wp-content\/uploads\/2024\/10\/prijaaaaa.jpg\",\"contentUrl\":\"https:\/\/lotel.is\/wp-content\/uploads\/2024\/10\/prijaaaaa.jpg\",\"width\":940,\"height\":788},{\"@type\":\"BreadcrumbList\",\"@id\":\"https:\/\/lotel.is\/product\/prija-sturtusapur-380ml-5l\/#breadcrumb\",\"itemListElement\":[{\"@type\":\"ListItem\",\"position\":1,\"name\":\"Strona g\u0142\u00f3wna\",\"item\":\"https:\/\/lotel.is\/\"},{\"@type\":\"ListItem\",\"position\":2,\"name\":\"Versla\",\"item\":\"https:\/\/lotel.is\/verslun\/\"},{\"@type\":\"ListItem\",\"position\":3,\"name\":\"Prija &#8211; sturtus\u00e1pur 380ml\/5L\"}]},{\"@type\":\"WebSite\",\"@id\":\"https:\/\/lotel.is\/#website\",\"url\":\"https:\/\/lotel.is\/\",\"name\":\"lotel.is\",\"description\":\"lotel.is\",\"publisher\":{\"@id\":\"https:\/\/lotel.is\/#organization\"},\"potentialAction\":[{\"@type\":\"SearchAction\",\"target\":{\"@type\":\"EntryPoint\",\"urlTemplate\":\"https:\/\/lotel.is\/?s={search_term_string}\"},\"query-input\":\"required name=search_term_string\"}],\"inLanguage\":\"is\"},{\"@type\":\"Organization\",\"@id\":\"https:\/\/lotel.is\/#organization\",\"name\":\"lotel.is\",\"url\":\"https:\/\/lotel.is\/\",\"logo\":{\"@type\":\"ImageObject\",\"inLanguage\":\"is\",\"@id\":\"https:\/\/lotel.is\/#\/schema\/logo\/image\/\",\"url\":\"https:\/\/lotel.is\/wp-content\/uploads\/2023\/12\/cropped-Lotel_i_lit_1-2.png\",\"contentUrl\":\"https:\/\/lotel.is\/wp-content\/uploads\/2023\/12\/cropped-Lotel_i_lit_1-2.png\",\"width\":638,\"height\":227,\"caption\":\"lotel.is\"},\"image\":{\"@id\":\"https:\/\/lotel.is\/#\/schema\/logo\/image\/\"}}]}<\/script>\n<!-- \/ Yoast SEO plugin. -->","yoast_head_json":{"title":"Prija - sturtus\u00e1pur 380ml\/5L - lotel.is","description":"G\u00e6\u00f0a s\u00e1pur framleiddar \u00e1 \u00cdtal\u00edu. Einstakur ilmur og flottar umb\u00fa\u00f0ir. F\u00e1anlegar me\u00f0 5L \u00e1fyllingu. Veggfestingar \u00fearfnast ekki borunar.","robots":{"index":"index","follow":"follow","max-snippet":"max-snippet:-1","max-image-preview":"max-image-preview:large","max-video-preview":"max-video-preview:-1"},"canonical":"https:\/\/lotel.is\/is\/product\/prija-sturtusapur-380ml-5l\/","og_locale":"is_IS","og_type":"article","og_title":"Prija - sturtus\u00e1pur 380ml\/5L - lotel.is","og_description":"G\u00e6\u00f0a s\u00e1pur framleiddar \u00e1 \u00cdtal\u00edu. Einstakur ilmur og flottar umb\u00fa\u00f0ir. F\u00e1anlegar me\u00f0 5L \u00e1fyllingu. Veggfestingar \u00fearfnast ekki borunar.","og_url":"https:\/\/lotel.is\/is\/product\/prija-sturtusapur-380ml-5l\/","og_site_name":"lotel.is","article_modified_time":"2024-11-22T13:07:06+00:00","og_image":[{"width":940,"height":788,"url":"https:\/\/lotel.is\/wp-content\/uploads\/2024\/10\/prijaaaaa.jpg","type":"image\/jpeg"}],"twitter_card":"summary_large_image","twitter_misc":{"Est. reading time":"1 minute"},"schema":{"@context":"https:\/\/schema.org","@graph":[{"@type":"WebPage","@id":"https:\/\/lotel.is\/product\/prija-sturtusapur-380ml-5l\/","url":"https:\/\/lotel.is\/product\/prija-sturtusapur-380ml-5l\/","name":"Prija - sturtus\u00e1pur 380ml\/5L - lotel.is","isPartOf":{"@id":"https:\/\/lotel.is\/#website"},"primaryImageOfPage":{"@id":"https:\/\/lotel.is\/product\/prija-sturtusapur-380ml-5l\/#primaryimage"},"image":{"@id":"https:\/\/lotel.is\/product\/prija-sturtusapur-380ml-5l\/#primaryimage"},"thumbnailUrl":"https:\/\/lotel.is\/wp-content\/uploads\/2024\/10\/prijaaaaa.jpg","datePublished":"2024-10-24T13:15:09+00:00","dateModified":"2024-11-22T13:07:06+00:00","description":"G\u00e6\u00f0a s\u00e1pur framleiddar \u00e1 \u00cdtal\u00edu. Einstakur ilmur og flottar umb\u00fa\u00f0ir. F\u00e1anlegar me\u00f0 5L \u00e1fyllingu. Veggfestingar \u00fearfnast ekki borunar.","breadcrumb":{"@id":"https:\/\/lotel.is\/product\/prija-sturtusapur-380ml-5l\/#breadcrumb"},"inLanguage":"is","potentialAction":[{"@type":"ReadAction","target":["https:\/\/lotel.is\/product\/prija-sturtusapur-380ml-5l\/"]}]},{"@type":"ImageObject","inLanguage":"is","@id":"https:\/\/lotel.is\/product\/prija-sturtusapur-380ml-5l\/#primaryimage","url":"https:\/\/lotel.is\/wp-content\/uploads\/2024\/10\/prijaaaaa.jpg","contentUrl":"https:\/\/lotel.is\/wp-content\/uploads\/2024\/10\/prijaaaaa.jpg","width":940,"height":788},{"@type":"BreadcrumbList","@id":"https:\/\/lotel.is\/product\/prija-sturtusapur-380ml-5l\/#breadcrumb","itemListElement":[{"@type":"ListItem","position":1,"name":"Strona g\u0142\u00f3wna","item":"https:\/\/lotel.is\/"},{"@type":"ListItem","position":2,"name":"Versla","item":"https:\/\/lotel.is\/verslun\/"},{"@type":"ListItem","position":3,"name":"Prija &#8211; sturtus\u00e1pur 380ml\/5L"}]},{"@type":"WebSite","@id":"https:\/\/lotel.is\/#website","url":"https:\/\/lotel.is\/","name":"lotel.is","description":"lotel.is","publisher":{"@id":"https:\/\/lotel.is\/#organization"},"potentialAction":[{"@type":"SearchAction","target":{"@type":"EntryPoint","urlTemplate":"https:\/\/lotel.is\/?s={search_term_string}"},"query-input":"required name=search_term_string"}],"inLanguage":"is"},{"@type":"Organization","@id":"https:\/\/lotel.is\/#organization","name":"lotel.is","url":"https:\/\/lotel.is\/","logo":{"@type":"ImageObject","inLanguage":"is","@id":"https:\/\/lotel.is\/#\/schema\/logo\/image\/","url":"https:\/\/lotel.is\/wp-content\/uploads\/2023\/12\/cropped-Lotel_i_lit_1-2.png","contentUrl":"https:\/\/lotel.is\/wp-content\/uploads\/2023\/12\/cropped-Lotel_i_lit_1-2.png","width":638,"height":227,"caption":"lotel.is"},"image":{"@id":"https:\/\/lotel.is\/#\/schema\/logo\/image\/"}}]}},"_links":{"self":[{"href":"https:\/\/lotel.is\/is\/wp-json\/wp\/v2\/product\/1814"}],"collection":[{"href":"https:\/\/lotel.is\/is\/wp-json\/wp\/v2\/product"}],"about":[{"href":"https:\/\/lotel.is\/is\/wp-json\/wp\/v2\/types\/product"}],"wp:featuredmedia":[{"embeddable":true,"href":"https:\/\/lotel.is\/is\/wp-json\/wp\/v2\/media\/1974"}],"wp:attachment":[{"href":"https:\/\/lotel.is\/is\/wp-json\/wp\/v2\/media?parent=1814"}],"wp:term":[{"taxonomy":"product_cat","embeddable":true,"href":"https:\/\/lotel.is\/is\/wp-json\/wp\/v2\/product_cat?post=1814"},{"taxonomy":"product_tag","embeddable":true,"href":"https:\/\/lotel.is\/is\/wp-json\/wp\/v2\/product_tag?post=1814"}],"curies":[{"name":"wp","href":"https:\/\/api.w.org\/{rel}","templated":true}]}}