{"id":1909,"date":"2024-11-04T20:18:42","date_gmt":"2024-11-04T20:18:42","guid":{"rendered":"https:\/\/lotel.is\/?post_type=product&#038;p=1909"},"modified":"2024-11-04T20:30:47","modified_gmt":"2024-11-04T20:30:47","slug":"hd-fragrances","status":"publish","type":"product","link":"https:\/\/lotel.is\/is\/product\/hd-fragrances\/","title":{"rendered":"HD FRAGRANCES"},"content":{"rendered":"","protected":false},"excerpt":{"rendered":"<p><span class=\"OYPEnA font-feature-liga-off font-feature-clig-off font-feature-calt-off text-decoration-none text-strikethrough-none\">L\u00f3tel b\u00fd\u00f0ur upp\u00e1 fr\u00e1b\u00e6ra h\u00f3telherbergisilmi fr\u00e1 franska framlei\u00f0andanum HD Fragrances. Einstakir ilmir sem skapa svo sannarlega einstaka gestaupplifun.<\/span><\/p>\n<p><em><span class=\"OYPEnA font-feature-liga-off font-feature-clig-off font-feature-calt-off text-decoration-none text-strikethrough-none\">Orange verte N\u00e9roli, Bois Pr\u00e9cieux, Agrumes de Calabre, Violette Sauvage<\/span><\/em><\/p>\n","protected":false},"featured_media":1911,"template":"","meta":{"_acf_changed":false,"_uf_show_specific_survey":0,"_uf_disable_surveys":false,"site-sidebar-layout":"default","site-content-layout":"","ast-site-content-layout":"default","site-content-style":"default","site-sidebar-style":"default","ast-global-header-display":"","ast-banner-title-visibility":"","ast-main-header-display":"","ast-hfb-above-header-display":"","ast-hfb-below-header-display":"","ast-hfb-mobile-header-display":"","site-post-title":"","ast-breadcrumbs-content":"","ast-featured-img":"","footer-sml-layout":"","theme-transparent-header-meta":"default","adv-header-id-meta":"","stick-header-meta":"","header-above-stick-meta":"","header-main-stick-meta":"","header-below-stick-meta":"","astra-migrate-meta-layouts":"set","ast-page-background-enabled":"default","ast-page-background-meta":{"desktop":{"background-color":"var(--ast-global-color-4)","background-image":"","background-repeat":"repeat","background-position":"center center","background-size":"auto","background-attachment":"scroll","background-type":"","background-media":"","overlay-type":"","overlay-color":"","overlay-gradient":""},"tablet":{"background-color":"","background-image":"","background-repeat":"repeat","background-position":"center center","background-size":"auto","background-attachment":"scroll","background-type":"","background-media":"","overlay-type":"","overlay-color":"","overlay-gradient":""},"mobile":{"background-color":"","background-image":"","background-repeat":"repeat","background-position":"center center","background-size":"auto","background-attachment":"scroll","background-type":"","background-media":"","overlay-type":"","overlay-color":"","overlay-gradient":""}},"ast-content-background-meta":{"desktop":{"background-color":"var(--ast-global-color-5)","background-image":"","background-repeat":"repeat","background-position":"center center","background-size":"auto","background-attachment":"scroll","background-type":"","background-media":"","overlay-type":"","overlay-color":"","overlay-gradient":""},"tablet":{"background-color":"var(--ast-global-color-5)","background-image":"","background-repeat":"repeat","background-position":"center center","background-size":"auto","background-attachment":"scroll","background-type":"","background-media":"","overlay-type":"","overlay-color":"","overlay-gradient":""},"mobile":{"background-color":"var(--ast-global-color-5)","background-image":"","background-repeat":"repeat","background-position":"center center","background-size":"auto","background-attachment":"scroll","background-type":"","background-media":"","overlay-type":"","overlay-color":"","overlay-gradient":""}}},"product_cat":[98],"product_tag":[],"acf":[],"yoast_head":"<!-- This site is optimized with the Yoast SEO plugin v22.6 - https:\/\/yoast.com\/wordpress\/plugins\/seo\/ -->\n<title>HD FRAGRANCES - lotel.is<\/title>\n<meta name=\"robots\" content=\"index, follow, max-snippet:-1, max-image-preview:large, max-video-preview:-1\" \/>\n<link rel=\"canonical\" href=\"https:\/\/lotel.is\/is\/product\/hd-fragrances\/\" \/>\n<meta property=\"og:locale\" content=\"is_IS\" \/>\n<meta property=\"og:type\" content=\"article\" \/>\n<meta property=\"og:title\" content=\"HD FRAGRANCES - lotel.is\" \/>\n<meta property=\"og:description\" content=\"L\u00f3tel b\u00fd\u00f0ur upp\u00e1 fr\u00e1b\u00e6ra h\u00f3telherbergisilmi fr\u00e1 franska framlei\u00f0andanum HD Fragrances. Einstakir ilmir sem skapa svo sannarlega einstaka gestaupplifun.  Orange verte N\u00e9roli, Bois Pr\u00e9cieux, Agrumes de Calabre, Violette Sauvage\" \/>\n<meta property=\"og:url\" content=\"https:\/\/lotel.is\/is\/product\/hd-fragrances\/\" \/>\n<meta property=\"og:site_name\" content=\"lotel.is\" \/>\n<meta property=\"article:modified_time\" content=\"2024-11-04T20:30:47+00:00\" \/>\n<meta property=\"og:image\" content=\"https:\/\/lotel.is\/wp-content\/uploads\/2024\/11\/BP250REED-_Bois-Precieux_-Fragrance-Reed-Diffuser-250ml-.jpg\" \/>\n\t<meta property=\"og:image:width\" content=\"1024\" \/>\n\t<meta property=\"og:image:height\" content=\"1024\" \/>\n\t<meta property=\"og:image:type\" content=\"image\/jpeg\" \/>\n<meta name=\"twitter:card\" content=\"summary_large_image\" \/>\n<meta name=\"twitter:label1\" content=\"Est. reading time\" \/>\n\t<meta name=\"twitter:data1\" content=\"1 minute\" \/>\n<script type=\"application\/ld+json\" class=\"yoast-schema-graph\">{\"@context\":\"https:\/\/schema.org\",\"@graph\":[{\"@type\":\"WebPage\",\"@id\":\"https:\/\/lotel.is\/product\/hd-fragrances\/\",\"url\":\"https:\/\/lotel.is\/product\/hd-fragrances\/\",\"name\":\"HD FRAGRANCES - lotel.is\",\"isPartOf\":{\"@id\":\"https:\/\/lotel.is\/#website\"},\"primaryImageOfPage\":{\"@id\":\"https:\/\/lotel.is\/product\/hd-fragrances\/#primaryimage\"},\"image\":{\"@id\":\"https:\/\/lotel.is\/product\/hd-fragrances\/#primaryimage\"},\"thumbnailUrl\":\"https:\/\/lotel.is\/wp-content\/uploads\/2024\/11\/BP250REED-_Bois-Precieux_-Fragrance-Reed-Diffuser-250ml-.jpg\",\"datePublished\":\"2024-11-04T20:18:42+00:00\",\"dateModified\":\"2024-11-04T20:30:47+00:00\",\"breadcrumb\":{\"@id\":\"https:\/\/lotel.is\/product\/hd-fragrances\/#breadcrumb\"},\"inLanguage\":\"is\",\"potentialAction\":[{\"@type\":\"ReadAction\",\"target\":[\"https:\/\/lotel.is\/product\/hd-fragrances\/\"]}]},{\"@type\":\"ImageObject\",\"inLanguage\":\"is\",\"@id\":\"https:\/\/lotel.is\/product\/hd-fragrances\/#primaryimage\",\"url\":\"https:\/\/lotel.is\/wp-content\/uploads\/2024\/11\/BP250REED-_Bois-Precieux_-Fragrance-Reed-Diffuser-250ml-.jpg\",\"contentUrl\":\"https:\/\/lotel.is\/wp-content\/uploads\/2024\/11\/BP250REED-_Bois-Precieux_-Fragrance-Reed-Diffuser-250ml-.jpg\",\"width\":1024,\"height\":1024},{\"@type\":\"BreadcrumbList\",\"@id\":\"https:\/\/lotel.is\/product\/hd-fragrances\/#breadcrumb\",\"itemListElement\":[{\"@type\":\"ListItem\",\"position\":1,\"name\":\"Strona g\u0142\u00f3wna\",\"item\":\"https:\/\/lotel.is\/\"},{\"@type\":\"ListItem\",\"position\":2,\"name\":\"Versla\",\"item\":\"https:\/\/lotel.is\/verslun\/\"},{\"@type\":\"ListItem\",\"position\":3,\"name\":\"HD FRAGRANCES\"}]},{\"@type\":\"WebSite\",\"@id\":\"https:\/\/lotel.is\/#website\",\"url\":\"https:\/\/lotel.is\/\",\"name\":\"lotel.is\",\"description\":\"lotel.is\",\"publisher\":{\"@id\":\"https:\/\/lotel.is\/#organization\"},\"potentialAction\":[{\"@type\":\"SearchAction\",\"target\":{\"@type\":\"EntryPoint\",\"urlTemplate\":\"https:\/\/lotel.is\/?s={search_term_string}\"},\"query-input\":\"required name=search_term_string\"}],\"inLanguage\":\"is\"},{\"@type\":\"Organization\",\"@id\":\"https:\/\/lotel.is\/#organization\",\"name\":\"lotel.is\",\"url\":\"https:\/\/lotel.is\/\",\"logo\":{\"@type\":\"ImageObject\",\"inLanguage\":\"is\",\"@id\":\"https:\/\/lotel.is\/#\/schema\/logo\/image\/\",\"url\":\"https:\/\/lotel.is\/wp-content\/uploads\/2023\/12\/cropped-Lotel_i_lit_1-2.png\",\"contentUrl\":\"https:\/\/lotel.is\/wp-content\/uploads\/2023\/12\/cropped-Lotel_i_lit_1-2.png\",\"width\":638,\"height\":227,\"caption\":\"lotel.is\"},\"image\":{\"@id\":\"https:\/\/lotel.is\/#\/schema\/logo\/image\/\"}}]}<\/script>\n<!-- \/ Yoast SEO plugin. -->","yoast_head_json":{"title":"HD FRAGRANCES - lotel.is","robots":{"index":"index","follow":"follow","max-snippet":"max-snippet:-1","max-image-preview":"max-image-preview:large","max-video-preview":"max-video-preview:-1"},"canonical":"https:\/\/lotel.is\/is\/product\/hd-fragrances\/","og_locale":"is_IS","og_type":"article","og_title":"HD FRAGRANCES - lotel.is","og_description":"L\u00f3tel b\u00fd\u00f0ur upp\u00e1 fr\u00e1b\u00e6ra h\u00f3telherbergisilmi fr\u00e1 franska framlei\u00f0andanum HD Fragrances. Einstakir ilmir sem skapa svo sannarlega einstaka gestaupplifun.  Orange verte N\u00e9roli, Bois Pr\u00e9cieux, Agrumes de Calabre, Violette Sauvage","og_url":"https:\/\/lotel.is\/is\/product\/hd-fragrances\/","og_site_name":"lotel.is","article_modified_time":"2024-11-04T20:30:47+00:00","og_image":[{"width":1024,"height":1024,"url":"https:\/\/lotel.is\/wp-content\/uploads\/2024\/11\/BP250REED-_Bois-Precieux_-Fragrance-Reed-Diffuser-250ml-.jpg","type":"image\/jpeg"}],"twitter_card":"summary_large_image","twitter_misc":{"Est. reading time":"1 minute"},"schema":{"@context":"https:\/\/schema.org","@graph":[{"@type":"WebPage","@id":"https:\/\/lotel.is\/product\/hd-fragrances\/","url":"https:\/\/lotel.is\/product\/hd-fragrances\/","name":"HD FRAGRANCES - lotel.is","isPartOf":{"@id":"https:\/\/lotel.is\/#website"},"primaryImageOfPage":{"@id":"https:\/\/lotel.is\/product\/hd-fragrances\/#primaryimage"},"image":{"@id":"https:\/\/lotel.is\/product\/hd-fragrances\/#primaryimage"},"thumbnailUrl":"https:\/\/lotel.is\/wp-content\/uploads\/2024\/11\/BP250REED-_Bois-Precieux_-Fragrance-Reed-Diffuser-250ml-.jpg","datePublished":"2024-11-04T20:18:42+00:00","dateModified":"2024-11-04T20:30:47+00:00","breadcrumb":{"@id":"https:\/\/lotel.is\/product\/hd-fragrances\/#breadcrumb"},"inLanguage":"is","potentialAction":[{"@type":"ReadAction","target":["https:\/\/lotel.is\/product\/hd-fragrances\/"]}]},{"@type":"ImageObject","inLanguage":"is","@id":"https:\/\/lotel.is\/product\/hd-fragrances\/#primaryimage","url":"https:\/\/lotel.is\/wp-content\/uploads\/2024\/11\/BP250REED-_Bois-Precieux_-Fragrance-Reed-Diffuser-250ml-.jpg","contentUrl":"https:\/\/lotel.is\/wp-content\/uploads\/2024\/11\/BP250REED-_Bois-Precieux_-Fragrance-Reed-Diffuser-250ml-.jpg","width":1024,"height":1024},{"@type":"BreadcrumbList","@id":"https:\/\/lotel.is\/product\/hd-fragrances\/#breadcrumb","itemListElement":[{"@type":"ListItem","position":1,"name":"Strona g\u0142\u00f3wna","item":"https:\/\/lotel.is\/"},{"@type":"ListItem","position":2,"name":"Versla","item":"https:\/\/lotel.is\/verslun\/"},{"@type":"ListItem","position":3,"name":"HD FRAGRANCES"}]},{"@type":"WebSite","@id":"https:\/\/lotel.is\/#website","url":"https:\/\/lotel.is\/","name":"lotel.is","description":"lotel.is","publisher":{"@id":"https:\/\/lotel.is\/#organization"},"potentialAction":[{"@type":"SearchAction","target":{"@type":"EntryPoint","urlTemplate":"https:\/\/lotel.is\/?s={search_term_string}"},"query-input":"required name=search_term_string"}],"inLanguage":"is"},{"@type":"Organization","@id":"https:\/\/lotel.is\/#organization","name":"lotel.is","url":"https:\/\/lotel.is\/","logo":{"@type":"ImageObject","inLanguage":"is","@id":"https:\/\/lotel.is\/#\/schema\/logo\/image\/","url":"https:\/\/lotel.is\/wp-content\/uploads\/2023\/12\/cropped-Lotel_i_lit_1-2.png","contentUrl":"https:\/\/lotel.is\/wp-content\/uploads\/2023\/12\/cropped-Lotel_i_lit_1-2.png","width":638,"height":227,"caption":"lotel.is"},"image":{"@id":"https:\/\/lotel.is\/#\/schema\/logo\/image\/"}}]}},"_links":{"self":[{"href":"https:\/\/lotel.is\/is\/wp-json\/wp\/v2\/product\/1909"}],"collection":[{"href":"https:\/\/lotel.is\/is\/wp-json\/wp\/v2\/product"}],"about":[{"href":"https:\/\/lotel.is\/is\/wp-json\/wp\/v2\/types\/product"}],"wp:featuredmedia":[{"embeddable":true,"href":"https:\/\/lotel.is\/is\/wp-json\/wp\/v2\/media\/1911"}],"wp:attachment":[{"href":"https:\/\/lotel.is\/is\/wp-json\/wp\/v2\/media?parent=1909"}],"wp:term":[{"taxonomy":"product_cat","embeddable":true,"href":"https:\/\/lotel.is\/is\/wp-json\/wp\/v2\/product_cat?post=1909"},{"taxonomy":"product_tag","embeddable":true,"href":"https:\/\/lotel.is\/is\/wp-json\/wp\/v2\/product_tag?post=1909"}],"curies":[{"name":"wp","href":"https:\/\/api.w.org\/{rel}","templated":true}]}}