{"id":1977,"date":"2024-12-01T20:47:38","date_gmt":"2024-12-01T20:47:38","guid":{"rendered":"https:\/\/lotel.is\/?post_type=product&#038;p=1977"},"modified":"2024-12-12T19:58:37","modified_gmt":"2024-12-12T19:58:37","slug":"cereria-molla-1899-kerti","status":"publish","type":"product","link":"https:\/\/lotel.is\/is\/product\/cereria-molla-1899-kerti\/","title":{"rendered":"Cereria Moll\u00e1 1899 &#8211; Kerti"},"content":{"rendered":"","protected":false},"excerpt":{"rendered":"<p>&nbsp;<\/p>\n<p>\u00de\u00fa getur fundi\u00f0 frekari uppl\u00fdsingar um <strong>ilmstangirnar<\/strong> <a href=\"https:\/\/lotel.is\/is\/product\/cereria-molla-1899-ilmstangir\/\">h\u00e9r.<\/a><\/p>\n<p>Vi\u00f0 kynnum einstakt fj\u00f6lskyldufyrirt\u00e6ki fr\u00e1 Valencia \u00e1 Sp\u00e1ni &#8211; Cereria Moll\u00e1 1899 en \u00feau hafa framleitt handger\u00f0 kerti sem byggja \u00e1 yfir 100 \u00e1ra gamalli hef\u00f0.<\/p>\n<p>H\u00e1g\u00e6\u00f0a kerti, ilmstangir me\u00f0 \u00e1fyllingum og heimilissprey.<span class=\"im\"><br \/>\n<\/span><\/p>\n<p>Kertin eru framleidd \u00far\u00a0sojavaxi og bl\u00fdlausum b\u00f3mullarkveikjum<\/p>\n<p>Vi\u00f0 bj\u00f3\u00f0um upp \u00e1 2 st\u00e6r\u00f0ir:<\/p>\n<p><strong>70gr\u00a0<\/strong> (um 20 klst brennslut\u00edmi) og<strong> 230gr<\/strong> (um 50 klst brennslut\u00edmi).<\/p>\n<div>\n<div>\n<div class=\"adm\">\n<div id=\"q_679\" class=\"ajR h4\"><\/div>\n<\/div>\n<\/div>\n<\/div>\n","protected":false},"featured_media":1992,"template":"","meta":{"_acf_changed":false,"_uf_show_specific_survey":0,"_uf_disable_surveys":false,"site-sidebar-layout":"default","site-content-layout":"","ast-site-content-layout":"default","site-content-style":"default","site-sidebar-style":"default","ast-global-header-display":"","ast-banner-title-visibility":"","ast-main-header-display":"","ast-hfb-above-header-display":"","ast-hfb-below-header-display":"","ast-hfb-mobile-header-display":"","site-post-title":"","ast-breadcrumbs-content":"","ast-featured-img":"","footer-sml-layout":"","theme-transparent-header-meta":"default","adv-header-id-meta":"","stick-header-meta":"","header-above-stick-meta":"","header-main-stick-meta":"","header-below-stick-meta":"","astra-migrate-meta-layouts":"set","ast-page-background-enabled":"default","ast-page-background-meta":{"desktop":{"background-color":"var(--ast-global-color-4)","background-image":"","background-repeat":"repeat","background-position":"center center","background-size":"auto","background-attachment":"scroll","background-type":"","background-media":"","overlay-type":"","overlay-color":"","overlay-gradient":""},"tablet":{"background-color":"","background-image":"","background-repeat":"repeat","background-position":"center center","background-size":"auto","background-attachment":"scroll","background-type":"","background-media":"","overlay-type":"","overlay-color":"","overlay-gradient":""},"mobile":{"background-color":"","background-image":"","background-repeat":"repeat","background-position":"center center","background-size":"auto","background-attachment":"scroll","background-type":"","background-media":"","overlay-type":"","overlay-color":"","overlay-gradient":""}},"ast-content-background-meta":{"desktop":{"background-color":"var(--ast-global-color-5)","background-image":"","background-repeat":"repeat","background-position":"center center","background-size":"auto","background-attachment":"scroll","background-type":"","background-media":"","overlay-type":"","overlay-color":"","overlay-gradient":""},"tablet":{"background-color":"var(--ast-global-color-5)","background-image":"","background-repeat":"repeat","background-position":"center center","background-size":"auto","background-attachment":"scroll","background-type":"","background-media":"","overlay-type":"","overlay-color":"","overlay-gradient":""},"mobile":{"background-color":"var(--ast-global-color-5)","background-image":"","background-repeat":"repeat","background-position":"center center","background-size":"auto","background-attachment":"scroll","background-type":"","background-media":"","overlay-type":"","overlay-color":"","overlay-gradient":""}}},"product_cat":[83,159,98,67],"product_tag":[],"acf":[],"yoast_head":"<!-- This site is optimized with the Yoast SEO plugin v22.6 - https:\/\/yoast.com\/wordpress\/plugins\/seo\/ -->\n<title>Cereria Moll\u00e1 1899 - Kerti - lotel.is<\/title>\n<meta name=\"robots\" content=\"index, follow, max-snippet:-1, max-image-preview:large, max-video-preview:-1\" \/>\n<link rel=\"canonical\" href=\"https:\/\/lotel.is\/is\/product\/cereria-molla-1899-kerti\/\" \/>\n<meta property=\"og:locale\" content=\"is_IS\" \/>\n<meta property=\"og:type\" content=\"article\" \/>\n<meta property=\"og:title\" content=\"Cereria Moll\u00e1 1899 - Kerti - lotel.is\" \/>\n<meta property=\"og:description\" content=\"&nbsp;  \u00de\u00fa getur fundi\u00f0 frekari uppl\u00fdsingar um ilmstangirnar h\u00e9r.  Vi\u00f0 kynnum einstakt fj\u00f6lskyldufyrirt\u00e6ki fr\u00e1 Valencia \u00e1 Sp\u00e1ni - Cereria Moll\u00e1 1899 en \u00feau hafa framleitt handger\u00f0 kerti sem byggja \u00e1 yfir 100 \u00e1ra gamalli hef\u00f0.  H\u00e1g\u00e6\u00f0a kerti, ilmstangir me\u00f0 \u00e1fyllingum og heimilissprey.   Kertin eru framleidd \u00far\u00a0sojavaxi og bl\u00fdlausum b\u00f3mullarkveikjum  Vi\u00f0 bj\u00f3\u00f0um upp \u00e1 2 st\u00e6r\u00f0ir:  70gr\u00a0 (um 20 klst brennslut\u00edmi) og 230gr (um 50 klst brennslut\u00edmi).\" \/>\n<meta property=\"og:url\" content=\"https:\/\/lotel.is\/is\/product\/cereria-molla-1899-kerti\/\" \/>\n<meta property=\"og:site_name\" content=\"lotel.is\" \/>\n<meta property=\"article:modified_time\" content=\"2024-12-12T19:58:37+00:00\" \/>\n<meta property=\"og:image\" content=\"https:\/\/lotel.is\/wp-content\/uploads\/2024\/12\/santa-tonka-amb-2-scaled-e1733085417172.jpg\" \/>\n\t<meta property=\"og:image:width\" content=\"1339\" \/>\n\t<meta property=\"og:image:height\" content=\"1250\" \/>\n\t<meta property=\"og:image:type\" content=\"image\/jpeg\" \/>\n<meta name=\"twitter:card\" content=\"summary_large_image\" \/>\n<meta name=\"twitter:label1\" content=\"Est. reading time\" \/>\n\t<meta name=\"twitter:data1\" content=\"1 minute\" \/>\n<script type=\"application\/ld+json\" class=\"yoast-schema-graph\">{\"@context\":\"https:\/\/schema.org\",\"@graph\":[{\"@type\":\"WebPage\",\"@id\":\"https:\/\/lotel.is\/product\/cereria-molla-1899-kerti\/\",\"url\":\"https:\/\/lotel.is\/product\/cereria-molla-1899-kerti\/\",\"name\":\"Cereria Moll\u00e1 1899 - Kerti - lotel.is\",\"isPartOf\":{\"@id\":\"https:\/\/lotel.is\/#website\"},\"primaryImageOfPage\":{\"@id\":\"https:\/\/lotel.is\/product\/cereria-molla-1899-kerti\/#primaryimage\"},\"image\":{\"@id\":\"https:\/\/lotel.is\/product\/cereria-molla-1899-kerti\/#primaryimage\"},\"thumbnailUrl\":\"https:\/\/lotel.is\/wp-content\/uploads\/2024\/12\/santa-tonka-amb-2-scaled-e1733085417172.jpg\",\"datePublished\":\"2024-12-01T20:47:38+00:00\",\"dateModified\":\"2024-12-12T19:58:37+00:00\",\"breadcrumb\":{\"@id\":\"https:\/\/lotel.is\/product\/cereria-molla-1899-kerti\/#breadcrumb\"},\"inLanguage\":\"is\",\"potentialAction\":[{\"@type\":\"ReadAction\",\"target\":[\"https:\/\/lotel.is\/product\/cereria-molla-1899-kerti\/\"]}]},{\"@type\":\"ImageObject\",\"inLanguage\":\"is\",\"@id\":\"https:\/\/lotel.is\/product\/cereria-molla-1899-kerti\/#primaryimage\",\"url\":\"https:\/\/lotel.is\/wp-content\/uploads\/2024\/12\/santa-tonka-amb-2-scaled-e1733085417172.jpg\",\"contentUrl\":\"https:\/\/lotel.is\/wp-content\/uploads\/2024\/12\/santa-tonka-amb-2-scaled-e1733085417172.jpg\",\"width\":1339,\"height\":1250},{\"@type\":\"BreadcrumbList\",\"@id\":\"https:\/\/lotel.is\/product\/cereria-molla-1899-kerti\/#breadcrumb\",\"itemListElement\":[{\"@type\":\"ListItem\",\"position\":1,\"name\":\"Strona g\u0142\u00f3wna\",\"item\":\"https:\/\/lotel.is\/\"},{\"@type\":\"ListItem\",\"position\":2,\"name\":\"Versla\",\"item\":\"https:\/\/lotel.is\/verslun\/\"},{\"@type\":\"ListItem\",\"position\":3,\"name\":\"Cereria Moll\u00e1 1899 &#8211; Kerti\"}]},{\"@type\":\"WebSite\",\"@id\":\"https:\/\/lotel.is\/#website\",\"url\":\"https:\/\/lotel.is\/\",\"name\":\"lotel.is\",\"description\":\"lotel.is\",\"publisher\":{\"@id\":\"https:\/\/lotel.is\/#organization\"},\"potentialAction\":[{\"@type\":\"SearchAction\",\"target\":{\"@type\":\"EntryPoint\",\"urlTemplate\":\"https:\/\/lotel.is\/?s={search_term_string}\"},\"query-input\":\"required name=search_term_string\"}],\"inLanguage\":\"is\"},{\"@type\":\"Organization\",\"@id\":\"https:\/\/lotel.is\/#organization\",\"name\":\"lotel.is\",\"url\":\"https:\/\/lotel.is\/\",\"logo\":{\"@type\":\"ImageObject\",\"inLanguage\":\"is\",\"@id\":\"https:\/\/lotel.is\/#\/schema\/logo\/image\/\",\"url\":\"https:\/\/lotel.is\/wp-content\/uploads\/2023\/12\/cropped-Lotel_i_lit_1-2.png\",\"contentUrl\":\"https:\/\/lotel.is\/wp-content\/uploads\/2023\/12\/cropped-Lotel_i_lit_1-2.png\",\"width\":638,\"height\":227,\"caption\":\"lotel.is\"},\"image\":{\"@id\":\"https:\/\/lotel.is\/#\/schema\/logo\/image\/\"}}]}<\/script>\n<!-- \/ Yoast SEO plugin. -->","yoast_head_json":{"title":"Cereria Moll\u00e1 1899 - Kerti - lotel.is","robots":{"index":"index","follow":"follow","max-snippet":"max-snippet:-1","max-image-preview":"max-image-preview:large","max-video-preview":"max-video-preview:-1"},"canonical":"https:\/\/lotel.is\/is\/product\/cereria-molla-1899-kerti\/","og_locale":"is_IS","og_type":"article","og_title":"Cereria Moll\u00e1 1899 - Kerti - lotel.is","og_description":"&nbsp;  \u00de\u00fa getur fundi\u00f0 frekari uppl\u00fdsingar um ilmstangirnar h\u00e9r.  Vi\u00f0 kynnum einstakt fj\u00f6lskyldufyrirt\u00e6ki fr\u00e1 Valencia \u00e1 Sp\u00e1ni - Cereria Moll\u00e1 1899 en \u00feau hafa framleitt handger\u00f0 kerti sem byggja \u00e1 yfir 100 \u00e1ra gamalli hef\u00f0.  H\u00e1g\u00e6\u00f0a kerti, ilmstangir me\u00f0 \u00e1fyllingum og heimilissprey.   Kertin eru framleidd \u00far\u00a0sojavaxi og bl\u00fdlausum b\u00f3mullarkveikjum  Vi\u00f0 bj\u00f3\u00f0um upp \u00e1 2 st\u00e6r\u00f0ir:  70gr\u00a0 (um 20 klst brennslut\u00edmi) og 230gr (um 50 klst brennslut\u00edmi).","og_url":"https:\/\/lotel.is\/is\/product\/cereria-molla-1899-kerti\/","og_site_name":"lotel.is","article_modified_time":"2024-12-12T19:58:37+00:00","og_image":[{"width":1339,"height":1250,"url":"https:\/\/lotel.is\/wp-content\/uploads\/2024\/12\/santa-tonka-amb-2-scaled-e1733085417172.jpg","type":"image\/jpeg"}],"twitter_card":"summary_large_image","twitter_misc":{"Est. reading time":"1 minute"},"schema":{"@context":"https:\/\/schema.org","@graph":[{"@type":"WebPage","@id":"https:\/\/lotel.is\/product\/cereria-molla-1899-kerti\/","url":"https:\/\/lotel.is\/product\/cereria-molla-1899-kerti\/","name":"Cereria Moll\u00e1 1899 - Kerti - lotel.is","isPartOf":{"@id":"https:\/\/lotel.is\/#website"},"primaryImageOfPage":{"@id":"https:\/\/lotel.is\/product\/cereria-molla-1899-kerti\/#primaryimage"},"image":{"@id":"https:\/\/lotel.is\/product\/cereria-molla-1899-kerti\/#primaryimage"},"thumbnailUrl":"https:\/\/lotel.is\/wp-content\/uploads\/2024\/12\/santa-tonka-amb-2-scaled-e1733085417172.jpg","datePublished":"2024-12-01T20:47:38+00:00","dateModified":"2024-12-12T19:58:37+00:00","breadcrumb":{"@id":"https:\/\/lotel.is\/product\/cereria-molla-1899-kerti\/#breadcrumb"},"inLanguage":"is","potentialAction":[{"@type":"ReadAction","target":["https:\/\/lotel.is\/product\/cereria-molla-1899-kerti\/"]}]},{"@type":"ImageObject","inLanguage":"is","@id":"https:\/\/lotel.is\/product\/cereria-molla-1899-kerti\/#primaryimage","url":"https:\/\/lotel.is\/wp-content\/uploads\/2024\/12\/santa-tonka-amb-2-scaled-e1733085417172.jpg","contentUrl":"https:\/\/lotel.is\/wp-content\/uploads\/2024\/12\/santa-tonka-amb-2-scaled-e1733085417172.jpg","width":1339,"height":1250},{"@type":"BreadcrumbList","@id":"https:\/\/lotel.is\/product\/cereria-molla-1899-kerti\/#breadcrumb","itemListElement":[{"@type":"ListItem","position":1,"name":"Strona g\u0142\u00f3wna","item":"https:\/\/lotel.is\/"},{"@type":"ListItem","position":2,"name":"Versla","item":"https:\/\/lotel.is\/verslun\/"},{"@type":"ListItem","position":3,"name":"Cereria Moll\u00e1 1899 &#8211; Kerti"}]},{"@type":"WebSite","@id":"https:\/\/lotel.is\/#website","url":"https:\/\/lotel.is\/","name":"lotel.is","description":"lotel.is","publisher":{"@id":"https:\/\/lotel.is\/#organization"},"potentialAction":[{"@type":"SearchAction","target":{"@type":"EntryPoint","urlTemplate":"https:\/\/lotel.is\/?s={search_term_string}"},"query-input":"required name=search_term_string"}],"inLanguage":"is"},{"@type":"Organization","@id":"https:\/\/lotel.is\/#organization","name":"lotel.is","url":"https:\/\/lotel.is\/","logo":{"@type":"ImageObject","inLanguage":"is","@id":"https:\/\/lotel.is\/#\/schema\/logo\/image\/","url":"https:\/\/lotel.is\/wp-content\/uploads\/2023\/12\/cropped-Lotel_i_lit_1-2.png","contentUrl":"https:\/\/lotel.is\/wp-content\/uploads\/2023\/12\/cropped-Lotel_i_lit_1-2.png","width":638,"height":227,"caption":"lotel.is"},"image":{"@id":"https:\/\/lotel.is\/#\/schema\/logo\/image\/"}}]}},"_links":{"self":[{"href":"https:\/\/lotel.is\/is\/wp-json\/wp\/v2\/product\/1977"}],"collection":[{"href":"https:\/\/lotel.is\/is\/wp-json\/wp\/v2\/product"}],"about":[{"href":"https:\/\/lotel.is\/is\/wp-json\/wp\/v2\/types\/product"}],"wp:featuredmedia":[{"embeddable":true,"href":"https:\/\/lotel.is\/is\/wp-json\/wp\/v2\/media\/1992"}],"wp:attachment":[{"href":"https:\/\/lotel.is\/is\/wp-json\/wp\/v2\/media?parent=1977"}],"wp:term":[{"taxonomy":"product_cat","embeddable":true,"href":"https:\/\/lotel.is\/is\/wp-json\/wp\/v2\/product_cat?post=1977"},{"taxonomy":"product_tag","embeddable":true,"href":"https:\/\/lotel.is\/is\/wp-json\/wp\/v2\/product_tag?post=1977"}],"curies":[{"name":"wp","href":"https:\/\/api.w.org\/{rel}","templated":true}]}}