{"id":2009,"date":"2024-12-01T23:24:55","date_gmt":"2024-12-01T23:24:55","guid":{"rendered":"https:\/\/lotel.is\/?post_type=product&#038;p=2009"},"modified":"2024-12-06T15:56:07","modified_gmt":"2024-12-06T15:56:07","slug":"cereria-molla-1899-ilmstangir","status":"publish","type":"product","link":"https:\/\/lotel.is\/is\/product\/cereria-molla-1899-ilmstangir\/","title":{"rendered":"Cereria Moll\u00e1 1899 &#8211; Ilmstangir"},"content":{"rendered":"","protected":false},"excerpt":{"rendered":"<p>&nbsp;<\/p>\n<p>Vi\u00f0 kynnum einstakt fj\u00f6lskyldufyrirt\u00e6ki fr\u00e1 Valencia \u00e1 Sp\u00e1ni &#8211; Cereria Moll\u00e1 1899 en \u00feau hafa framleitt handger\u00f0 kerti sem byggja \u00e1 yfir 100 \u00e1ra gamalli hef\u00f0.<\/p>\n<p>H\u00e1g\u00e6\u00f0a ilmstangir me\u00f0 \u00e1fyllingarm\u00f6guleikum, kerti og herbergissprey og ilmirnir hver \u00f6\u00f0rum betri.<\/p>\n<p><em>Amber &amp; Sandalwood, Bergamotto di Calabria, Black Orchid &amp; Lily, French Linen, Santal &amp; Tonka, Velvet Wood<\/em><\/p>\n<p>Vi\u00f0 bj\u00f3\u00f0um upp \u00e1 eftirfarandi st\u00e6r\u00f0ir af ilmst\u00f6ngum.<\/p>\n<p><strong>100 ml<\/strong> ( 4-6 vikur), <strong>250ml<\/strong> (6-8 vikur), <strong>200ml \u00e1fylling<\/strong>, <strong>500ml \u00e1fylling<\/strong>, <strong>3L<\/strong> (3000ml)<\/p>\n","protected":false},"featured_media":1932,"template":"","meta":{"_acf_changed":false,"_uf_show_specific_survey":0,"_uf_disable_surveys":false,"site-sidebar-layout":"default","site-content-layout":"","ast-site-content-layout":"default","site-content-style":"default","site-sidebar-style":"default","ast-global-header-display":"","ast-banner-title-visibility":"","ast-main-header-display":"","ast-hfb-above-header-display":"","ast-hfb-below-header-display":"","ast-hfb-mobile-header-display":"","site-post-title":"","ast-breadcrumbs-content":"","ast-featured-img":"","footer-sml-layout":"","theme-transparent-header-meta":"default","adv-header-id-meta":"","stick-header-meta":"","header-above-stick-meta":"","header-main-stick-meta":"","header-below-stick-meta":"","astra-migrate-meta-layouts":"set","ast-page-background-enabled":"default","ast-page-background-meta":{"desktop":{"background-color":"var(--ast-global-color-4)","background-image":"","background-repeat":"repeat","background-position":"center center","background-size":"auto","background-attachment":"scroll","background-type":"","background-media":"","overlay-type":"","overlay-color":"","overlay-gradient":""},"tablet":{"background-color":"","background-image":"","background-repeat":"repeat","background-position":"center center","background-size":"auto","background-attachment":"scroll","background-type":"","background-media":"","overlay-type":"","overlay-color":"","overlay-gradient":""},"mobile":{"background-color":"","background-image":"","background-repeat":"repeat","background-position":"center center","background-size":"auto","background-attachment":"scroll","background-type":"","background-media":"","overlay-type":"","overlay-color":"","overlay-gradient":""}},"ast-content-background-meta":{"desktop":{"background-color":"var(--ast-global-color-5)","background-image":"","background-repeat":"repeat","background-position":"center center","background-size":"auto","background-attachment":"scroll","background-type":"","background-media":"","overlay-type":"","overlay-color":"","overlay-gradient":""},"tablet":{"background-color":"var(--ast-global-color-5)","background-image":"","background-repeat":"repeat","background-position":"center center","background-size":"auto","background-attachment":"scroll","background-type":"","background-media":"","overlay-type":"","overlay-color":"","overlay-gradient":""},"mobile":{"background-color":"var(--ast-global-color-5)","background-image":"","background-repeat":"repeat","background-position":"center center","background-size":"auto","background-attachment":"scroll","background-type":"","background-media":"","overlay-type":"","overlay-color":"","overlay-gradient":""}}},"product_cat":[83,159,98,67],"product_tag":[],"acf":[],"yoast_head":"<!-- This site is optimized with the Yoast SEO plugin v22.6 - https:\/\/yoast.com\/wordpress\/plugins\/seo\/ -->\n<title>Cereria Moll\u00e1 1899 - Ilmstangir - lotel.is<\/title>\n<meta name=\"robots\" content=\"index, follow, max-snippet:-1, max-image-preview:large, max-video-preview:-1\" \/>\n<link rel=\"canonical\" href=\"https:\/\/lotel.is\/is\/product\/cereria-molla-1899-ilmstangir\/\" \/>\n<meta property=\"og:locale\" content=\"is_IS\" \/>\n<meta property=\"og:type\" content=\"article\" \/>\n<meta property=\"og:title\" content=\"Cereria Moll\u00e1 1899 - Ilmstangir - lotel.is\" \/>\n<meta property=\"og:description\" content=\"&nbsp;  Vi\u00f0 kynnum einstakt fj\u00f6lskyldufyrirt\u00e6ki fr\u00e1 Valencia \u00e1 Sp\u00e1ni - Cereria Moll\u00e1 1899 en \u00feau hafa framleitt handger\u00f0 kerti sem byggja \u00e1 yfir 100 \u00e1ra gamalli hef\u00f0.  H\u00e1g\u00e6\u00f0a ilmstangir me\u00f0 \u00e1fyllingarm\u00f6guleikum, kerti og herbergissprey og ilmirnir hver \u00f6\u00f0rum betri.  Amber &amp; Sandalwood, Bergamotto di Calabria, Black Orchid &amp; Lily, French Linen, Santal &amp; Tonka, Velvet Wood  Vi\u00f0 bj\u00f3\u00f0um upp \u00e1 eftirfarandi st\u00e6r\u00f0ir af ilmst\u00f6ngum.  100 ml ( 4-6 vikur), 250ml (6-8 vikur), 200ml \u00e1fylling, 500ml \u00e1fylling, 3L (3000ml)\" \/>\n<meta property=\"og:url\" content=\"https:\/\/lotel.is\/is\/product\/cereria-molla-1899-ilmstangir\/\" \/>\n<meta property=\"og:site_name\" content=\"lotel.is\" \/>\n<meta property=\"article:modified_time\" content=\"2024-12-06T15:56:07+00:00\" \/>\n<meta property=\"og:image\" content=\"https:\/\/lotel.is\/wp-content\/uploads\/2024\/11\/santal-tonka-xl-amb-scaled-e1731772229577.jpg\" \/>\n\t<meta property=\"og:image:width\" content=\"2000\" \/>\n\t<meta property=\"og:image:height\" content=\"1126\" \/>\n\t<meta property=\"og:image:type\" content=\"image\/jpeg\" \/>\n<meta name=\"twitter:card\" content=\"summary_large_image\" \/>\n<meta name=\"twitter:label1\" content=\"Est. reading time\" \/>\n\t<meta name=\"twitter:data1\" content=\"1 minute\" \/>\n<script type=\"application\/ld+json\" class=\"yoast-schema-graph\">{\"@context\":\"https:\/\/schema.org\",\"@graph\":[{\"@type\":\"WebPage\",\"@id\":\"https:\/\/lotel.is\/product\/cereria-molla-1899-ilmstangir\/\",\"url\":\"https:\/\/lotel.is\/product\/cereria-molla-1899-ilmstangir\/\",\"name\":\"Cereria Moll\u00e1 1899 - Ilmstangir - lotel.is\",\"isPartOf\":{\"@id\":\"https:\/\/lotel.is\/#website\"},\"primaryImageOfPage\":{\"@id\":\"https:\/\/lotel.is\/product\/cereria-molla-1899-ilmstangir\/#primaryimage\"},\"image\":{\"@id\":\"https:\/\/lotel.is\/product\/cereria-molla-1899-ilmstangir\/#primaryimage\"},\"thumbnailUrl\":\"https:\/\/lotel.is\/wp-content\/uploads\/2024\/11\/santal-tonka-xl-amb-scaled-e1731772229577.jpg\",\"datePublished\":\"2024-12-01T23:24:55+00:00\",\"dateModified\":\"2024-12-06T15:56:07+00:00\",\"breadcrumb\":{\"@id\":\"https:\/\/lotel.is\/product\/cereria-molla-1899-ilmstangir\/#breadcrumb\"},\"inLanguage\":\"is\",\"potentialAction\":[{\"@type\":\"ReadAction\",\"target\":[\"https:\/\/lotel.is\/product\/cereria-molla-1899-ilmstangir\/\"]}]},{\"@type\":\"ImageObject\",\"inLanguage\":\"is\",\"@id\":\"https:\/\/lotel.is\/product\/cereria-molla-1899-ilmstangir\/#primaryimage\",\"url\":\"https:\/\/lotel.is\/wp-content\/uploads\/2024\/11\/santal-tonka-xl-amb-scaled-e1731772229577.jpg\",\"contentUrl\":\"https:\/\/lotel.is\/wp-content\/uploads\/2024\/11\/santal-tonka-xl-amb-scaled-e1731772229577.jpg\",\"width\":2000,\"height\":1126},{\"@type\":\"BreadcrumbList\",\"@id\":\"https:\/\/lotel.is\/product\/cereria-molla-1899-ilmstangir\/#breadcrumb\",\"itemListElement\":[{\"@type\":\"ListItem\",\"position\":1,\"name\":\"Strona g\u0142\u00f3wna\",\"item\":\"https:\/\/lotel.is\/\"},{\"@type\":\"ListItem\",\"position\":2,\"name\":\"Versla\",\"item\":\"https:\/\/lotel.is\/verslun\/\"},{\"@type\":\"ListItem\",\"position\":3,\"name\":\"Cereria Moll\u00e1 1899 &#8211; Ilmstangir\"}]},{\"@type\":\"WebSite\",\"@id\":\"https:\/\/lotel.is\/#website\",\"url\":\"https:\/\/lotel.is\/\",\"name\":\"lotel.is\",\"description\":\"lotel.is\",\"publisher\":{\"@id\":\"https:\/\/lotel.is\/#organization\"},\"potentialAction\":[{\"@type\":\"SearchAction\",\"target\":{\"@type\":\"EntryPoint\",\"urlTemplate\":\"https:\/\/lotel.is\/?s={search_term_string}\"},\"query-input\":\"required name=search_term_string\"}],\"inLanguage\":\"is\"},{\"@type\":\"Organization\",\"@id\":\"https:\/\/lotel.is\/#organization\",\"name\":\"lotel.is\",\"url\":\"https:\/\/lotel.is\/\",\"logo\":{\"@type\":\"ImageObject\",\"inLanguage\":\"is\",\"@id\":\"https:\/\/lotel.is\/#\/schema\/logo\/image\/\",\"url\":\"https:\/\/lotel.is\/wp-content\/uploads\/2023\/12\/cropped-Lotel_i_lit_1-2.png\",\"contentUrl\":\"https:\/\/lotel.is\/wp-content\/uploads\/2023\/12\/cropped-Lotel_i_lit_1-2.png\",\"width\":638,\"height\":227,\"caption\":\"lotel.is\"},\"image\":{\"@id\":\"https:\/\/lotel.is\/#\/schema\/logo\/image\/\"}}]}<\/script>\n<!-- \/ Yoast SEO plugin. -->","yoast_head_json":{"title":"Cereria Moll\u00e1 1899 - Ilmstangir - lotel.is","robots":{"index":"index","follow":"follow","max-snippet":"max-snippet:-1","max-image-preview":"max-image-preview:large","max-video-preview":"max-video-preview:-1"},"canonical":"https:\/\/lotel.is\/is\/product\/cereria-molla-1899-ilmstangir\/","og_locale":"is_IS","og_type":"article","og_title":"Cereria Moll\u00e1 1899 - Ilmstangir - lotel.is","og_description":"&nbsp;  Vi\u00f0 kynnum einstakt fj\u00f6lskyldufyrirt\u00e6ki fr\u00e1 Valencia \u00e1 Sp\u00e1ni - Cereria Moll\u00e1 1899 en \u00feau hafa framleitt handger\u00f0 kerti sem byggja \u00e1 yfir 100 \u00e1ra gamalli hef\u00f0.  H\u00e1g\u00e6\u00f0a ilmstangir me\u00f0 \u00e1fyllingarm\u00f6guleikum, kerti og herbergissprey og ilmirnir hver \u00f6\u00f0rum betri.  Amber &amp; Sandalwood, Bergamotto di Calabria, Black Orchid &amp; Lily, French Linen, Santal &amp; Tonka, Velvet Wood  Vi\u00f0 bj\u00f3\u00f0um upp \u00e1 eftirfarandi st\u00e6r\u00f0ir af ilmst\u00f6ngum.  100 ml ( 4-6 vikur), 250ml (6-8 vikur), 200ml \u00e1fylling, 500ml \u00e1fylling, 3L (3000ml)","og_url":"https:\/\/lotel.is\/is\/product\/cereria-molla-1899-ilmstangir\/","og_site_name":"lotel.is","article_modified_time":"2024-12-06T15:56:07+00:00","og_image":[{"width":2000,"height":1126,"url":"https:\/\/lotel.is\/wp-content\/uploads\/2024\/11\/santal-tonka-xl-amb-scaled-e1731772229577.jpg","type":"image\/jpeg"}],"twitter_card":"summary_large_image","twitter_misc":{"Est. reading time":"1 minute"},"schema":{"@context":"https:\/\/schema.org","@graph":[{"@type":"WebPage","@id":"https:\/\/lotel.is\/product\/cereria-molla-1899-ilmstangir\/","url":"https:\/\/lotel.is\/product\/cereria-molla-1899-ilmstangir\/","name":"Cereria Moll\u00e1 1899 - Ilmstangir - lotel.is","isPartOf":{"@id":"https:\/\/lotel.is\/#website"},"primaryImageOfPage":{"@id":"https:\/\/lotel.is\/product\/cereria-molla-1899-ilmstangir\/#primaryimage"},"image":{"@id":"https:\/\/lotel.is\/product\/cereria-molla-1899-ilmstangir\/#primaryimage"},"thumbnailUrl":"https:\/\/lotel.is\/wp-content\/uploads\/2024\/11\/santal-tonka-xl-amb-scaled-e1731772229577.jpg","datePublished":"2024-12-01T23:24:55+00:00","dateModified":"2024-12-06T15:56:07+00:00","breadcrumb":{"@id":"https:\/\/lotel.is\/product\/cereria-molla-1899-ilmstangir\/#breadcrumb"},"inLanguage":"is","potentialAction":[{"@type":"ReadAction","target":["https:\/\/lotel.is\/product\/cereria-molla-1899-ilmstangir\/"]}]},{"@type":"ImageObject","inLanguage":"is","@id":"https:\/\/lotel.is\/product\/cereria-molla-1899-ilmstangir\/#primaryimage","url":"https:\/\/lotel.is\/wp-content\/uploads\/2024\/11\/santal-tonka-xl-amb-scaled-e1731772229577.jpg","contentUrl":"https:\/\/lotel.is\/wp-content\/uploads\/2024\/11\/santal-tonka-xl-amb-scaled-e1731772229577.jpg","width":2000,"height":1126},{"@type":"BreadcrumbList","@id":"https:\/\/lotel.is\/product\/cereria-molla-1899-ilmstangir\/#breadcrumb","itemListElement":[{"@type":"ListItem","position":1,"name":"Strona g\u0142\u00f3wna","item":"https:\/\/lotel.is\/"},{"@type":"ListItem","position":2,"name":"Versla","item":"https:\/\/lotel.is\/verslun\/"},{"@type":"ListItem","position":3,"name":"Cereria Moll\u00e1 1899 &#8211; Ilmstangir"}]},{"@type":"WebSite","@id":"https:\/\/lotel.is\/#website","url":"https:\/\/lotel.is\/","name":"lotel.is","description":"lotel.is","publisher":{"@id":"https:\/\/lotel.is\/#organization"},"potentialAction":[{"@type":"SearchAction","target":{"@type":"EntryPoint","urlTemplate":"https:\/\/lotel.is\/?s={search_term_string}"},"query-input":"required name=search_term_string"}],"inLanguage":"is"},{"@type":"Organization","@id":"https:\/\/lotel.is\/#organization","name":"lotel.is","url":"https:\/\/lotel.is\/","logo":{"@type":"ImageObject","inLanguage":"is","@id":"https:\/\/lotel.is\/#\/schema\/logo\/image\/","url":"https:\/\/lotel.is\/wp-content\/uploads\/2023\/12\/cropped-Lotel_i_lit_1-2.png","contentUrl":"https:\/\/lotel.is\/wp-content\/uploads\/2023\/12\/cropped-Lotel_i_lit_1-2.png","width":638,"height":227,"caption":"lotel.is"},"image":{"@id":"https:\/\/lotel.is\/#\/schema\/logo\/image\/"}}]}},"_links":{"self":[{"href":"https:\/\/lotel.is\/is\/wp-json\/wp\/v2\/product\/2009"}],"collection":[{"href":"https:\/\/lotel.is\/is\/wp-json\/wp\/v2\/product"}],"about":[{"href":"https:\/\/lotel.is\/is\/wp-json\/wp\/v2\/types\/product"}],"wp:featuredmedia":[{"embeddable":true,"href":"https:\/\/lotel.is\/is\/wp-json\/wp\/v2\/media\/1932"}],"wp:attachment":[{"href":"https:\/\/lotel.is\/is\/wp-json\/wp\/v2\/media?parent=2009"}],"wp:term":[{"taxonomy":"product_cat","embeddable":true,"href":"https:\/\/lotel.is\/is\/wp-json\/wp\/v2\/product_cat?post=2009"},{"taxonomy":"product_tag","embeddable":true,"href":"https:\/\/lotel.is\/is\/wp-json\/wp\/v2\/product_tag?post=2009"}],"curies":[{"name":"wp","href":"https:\/\/api.w.org\/{rel}","templated":true}]}}