{"id":2075,"date":"2025-07-26T18:39:28","date_gmt":"2025-07-26T18:39:28","guid":{"rendered":"https:\/\/lotel.is\/?post_type=product&#038;p=2075"},"modified":"2025-07-26T19:23:55","modified_gmt":"2025-07-26T19:23:55","slug":"anyah-sturtusapur-480ml-5l-copy","status":"publish","type":"product","link":"https:\/\/lotel.is\/is\/product\/anyah-sturtusapur-480ml-5l-copy\/","title":{"rendered":"Anyah &#8211; sturtus\u00e1pur 480ml\/5L refill"},"content":{"rendered":"<p>The Anyah range of products for face, body, and hair has been formulated according to the philosophy of minimalism using carefully selected ingredients of the finest quality. The entire range is enriched with special essences which give Anyah its unique, fragrant character reminiscent of the sea.<\/p>\n<p>A range of Eco-friendly cosmetics certified by Nordic Ecolabel, designed to minimize the impact on the environment and water ecosystems. Anyah formulas contain a reduced amount of cleansing agents to ensure a fast rinse and minimal water waste.<\/p>\n","protected":false},"excerpt":{"rendered":"<p>G\u00e6\u00f0a s\u00e1pur framleiddar \u00e1 \u00cdtal\u00edu. Einstakur ilmur og flottar umb\u00fa\u00f0ir. F\u00e1anlegar me\u00f0 5L \u00e1fyllingu. Veggfestingar \u00fearfnast ekki borunar. Nordic Swan label.<\/p>\n<p><strong>HAIR &amp; BODY WASH with white nettle extract, LIQUID HAND SOAP with white nettle extract, SHAMPOO containing an amino acid derivative, CONDITIONER with shea butter and organic sunflower seed oil<\/strong><\/p>\n","protected":false},"featured_media":2076,"template":"","meta":{"_acf_changed":false,"_uf_show_specific_survey":0,"_uf_disable_surveys":false,"site-sidebar-layout":"default","site-content-layout":"","ast-site-content-layout":"default","site-content-style":"default","site-sidebar-style":"default","ast-global-header-display":"","ast-banner-title-visibility":"","ast-main-header-display":"","ast-hfb-above-header-display":"","ast-hfb-below-header-display":"","ast-hfb-mobile-header-display":"","site-post-title":"","ast-breadcrumbs-content":"","ast-featured-img":"","footer-sml-layout":"","theme-transparent-header-meta":"default","adv-header-id-meta":"","stick-header-meta":"","header-above-stick-meta":"","header-main-stick-meta":"","header-below-stick-meta":"","astra-migrate-meta-layouts":"set","ast-page-background-enabled":"default","ast-page-background-meta":{"desktop":{"background-color":"var(--ast-global-color-4)","background-image":"","background-repeat":"repeat","background-position":"center center","background-size":"auto","background-attachment":"scroll","background-type":"","background-media":"","overlay-type":"","overlay-color":"","overlay-gradient":""},"tablet":{"background-color":"","background-image":"","background-repeat":"repeat","background-position":"center center","background-size":"auto","background-attachment":"scroll","background-type":"","background-media":"","overlay-type":"","overlay-color":"","overlay-gradient":""},"mobile":{"background-color":"","background-image":"","background-repeat":"repeat","background-position":"center center","background-size":"auto","background-attachment":"scroll","background-type":"","background-media":"","overlay-type":"","overlay-color":"","overlay-gradient":""}},"ast-content-background-meta":{"desktop":{"background-color":"var(--ast-global-color-5)","background-image":"","background-repeat":"repeat","background-position":"center center","background-size":"auto","background-attachment":"scroll","background-type":"","background-media":"","overlay-type":"","overlay-color":"","overlay-gradient":""},"tablet":{"background-color":"var(--ast-global-color-5)","background-image":"","background-repeat":"repeat","background-position":"center center","background-size":"auto","background-attachment":"scroll","background-type":"","background-media":"","overlay-type":"","overlay-color":"","overlay-gradient":""},"mobile":{"background-color":"var(--ast-global-color-5)","background-image":"","background-repeat":"repeat","background-position":"center center","background-size":"auto","background-attachment":"scroll","background-type":"","background-media":"","overlay-type":"","overlay-color":"","overlay-gradient":""}}},"product_cat":[83,98],"product_tag":[164,162,163,160,161],"acf":[],"yoast_head":"<!-- This site is optimized with the Yoast SEO plugin v22.6 - https:\/\/yoast.com\/wordpress\/plugins\/seo\/ -->\n<title>Anyah - sturtus\u00e1pur 480ml\/5L refill - lotel.is<\/title>\n<meta name=\"description\" content=\"G\u00e6\u00f0a s\u00e1pur framleiddar \u00e1 \u00cdtal\u00edu. Einstakur ilmur og flottar umb\u00fa\u00f0ir. F\u00e1anlegar me\u00f0 5L \u00e1fyllingu. Veggfestingar \u00fearfnast ekki borunar.\" \/>\n<meta name=\"robots\" content=\"index, follow, max-snippet:-1, max-image-preview:large, max-video-preview:-1\" \/>\n<link rel=\"canonical\" href=\"https:\/\/lotel.is\/is\/product\/anyah-sturtusapur-480ml-5l-copy\/\" \/>\n<meta property=\"og:locale\" content=\"is_IS\" \/>\n<meta property=\"og:type\" content=\"article\" \/>\n<meta property=\"og:title\" content=\"Anyah - sturtus\u00e1pur 480ml\/5L refill - lotel.is\" \/>\n<meta property=\"og:description\" content=\"G\u00e6\u00f0a s\u00e1pur framleiddar \u00e1 \u00cdtal\u00edu. Einstakur ilmur og flottar umb\u00fa\u00f0ir. F\u00e1anlegar me\u00f0 5L \u00e1fyllingu. Veggfestingar \u00fearfnast ekki borunar.\" \/>\n<meta property=\"og:url\" content=\"https:\/\/lotel.is\/is\/product\/anyah-sturtusapur-480ml-5l-copy\/\" \/>\n<meta property=\"og:site_name\" content=\"lotel.is\" \/>\n<meta property=\"article:modified_time\" content=\"2025-07-26T19:23:55+00:00\" \/>\n<meta property=\"og:image\" content=\"https:\/\/lotel.is\/wp-content\/uploads\/2025\/07\/NEW_AU_NORDIC.webp\" \/>\n\t<meta property=\"og:image:width\" content=\"906\" \/>\n\t<meta property=\"og:image:height\" content=\"720\" \/>\n\t<meta property=\"og:image:type\" content=\"image\/webp\" \/>\n<meta name=\"twitter:card\" content=\"summary_large_image\" \/>\n<meta name=\"twitter:label1\" content=\"Est. reading time\" \/>\n\t<meta name=\"twitter:data1\" content=\"1 minute\" \/>\n<script type=\"application\/ld+json\" class=\"yoast-schema-graph\">{\"@context\":\"https:\/\/schema.org\",\"@graph\":[{\"@type\":\"WebPage\",\"@id\":\"https:\/\/lotel.is\/product\/anyah-sturtusapur-480ml-5l-copy\/\",\"url\":\"https:\/\/lotel.is\/product\/anyah-sturtusapur-480ml-5l-copy\/\",\"name\":\"Anyah - sturtus\u00e1pur 480ml\/5L refill - lotel.is\",\"isPartOf\":{\"@id\":\"https:\/\/lotel.is\/#website\"},\"primaryImageOfPage\":{\"@id\":\"https:\/\/lotel.is\/product\/anyah-sturtusapur-480ml-5l-copy\/#primaryimage\"},\"image\":{\"@id\":\"https:\/\/lotel.is\/product\/anyah-sturtusapur-480ml-5l-copy\/#primaryimage\"},\"thumbnailUrl\":\"https:\/\/lotel.is\/wp-content\/uploads\/2025\/07\/NEW_AU_NORDIC.webp\",\"datePublished\":\"2025-07-26T18:39:28+00:00\",\"dateModified\":\"2025-07-26T19:23:55+00:00\",\"description\":\"G\u00e6\u00f0a s\u00e1pur framleiddar \u00e1 \u00cdtal\u00edu. Einstakur ilmur og flottar umb\u00fa\u00f0ir. F\u00e1anlegar me\u00f0 5L \u00e1fyllingu. Veggfestingar \u00fearfnast ekki borunar.\",\"breadcrumb\":{\"@id\":\"https:\/\/lotel.is\/product\/anyah-sturtusapur-480ml-5l-copy\/#breadcrumb\"},\"inLanguage\":\"is\",\"potentialAction\":[{\"@type\":\"ReadAction\",\"target\":[\"https:\/\/lotel.is\/product\/anyah-sturtusapur-480ml-5l-copy\/\"]}]},{\"@type\":\"ImageObject\",\"inLanguage\":\"is\",\"@id\":\"https:\/\/lotel.is\/product\/anyah-sturtusapur-480ml-5l-copy\/#primaryimage\",\"url\":\"https:\/\/lotel.is\/wp-content\/uploads\/2025\/07\/NEW_AU_NORDIC.webp\",\"contentUrl\":\"https:\/\/lotel.is\/wp-content\/uploads\/2025\/07\/NEW_AU_NORDIC.webp\",\"width\":906,\"height\":720},{\"@type\":\"BreadcrumbList\",\"@id\":\"https:\/\/lotel.is\/product\/anyah-sturtusapur-480ml-5l-copy\/#breadcrumb\",\"itemListElement\":[{\"@type\":\"ListItem\",\"position\":1,\"name\":\"Strona g\u0142\u00f3wna\",\"item\":\"https:\/\/lotel.is\/\"},{\"@type\":\"ListItem\",\"position\":2,\"name\":\"Versla\",\"item\":\"https:\/\/lotel.is\/verslun\/\"},{\"@type\":\"ListItem\",\"position\":3,\"name\":\"Anyah &#8211; sturtus\u00e1pur 480ml\/5L refill\"}]},{\"@type\":\"WebSite\",\"@id\":\"https:\/\/lotel.is\/#website\",\"url\":\"https:\/\/lotel.is\/\",\"name\":\"lotel.is\",\"description\":\"lotel.is\",\"publisher\":{\"@id\":\"https:\/\/lotel.is\/#organization\"},\"potentialAction\":[{\"@type\":\"SearchAction\",\"target\":{\"@type\":\"EntryPoint\",\"urlTemplate\":\"https:\/\/lotel.is\/?s={search_term_string}\"},\"query-input\":\"required name=search_term_string\"}],\"inLanguage\":\"is\"},{\"@type\":\"Organization\",\"@id\":\"https:\/\/lotel.is\/#organization\",\"name\":\"lotel.is\",\"url\":\"https:\/\/lotel.is\/\",\"logo\":{\"@type\":\"ImageObject\",\"inLanguage\":\"is\",\"@id\":\"https:\/\/lotel.is\/#\/schema\/logo\/image\/\",\"url\":\"https:\/\/lotel.is\/wp-content\/uploads\/2023\/12\/cropped-Lotel_i_lit_1-2.png\",\"contentUrl\":\"https:\/\/lotel.is\/wp-content\/uploads\/2023\/12\/cropped-Lotel_i_lit_1-2.png\",\"width\":638,\"height\":227,\"caption\":\"lotel.is\"},\"image\":{\"@id\":\"https:\/\/lotel.is\/#\/schema\/logo\/image\/\"}}]}<\/script>\n<!-- \/ Yoast SEO plugin. -->","yoast_head_json":{"title":"Anyah - sturtus\u00e1pur 480ml\/5L refill - lotel.is","description":"G\u00e6\u00f0a s\u00e1pur framleiddar \u00e1 \u00cdtal\u00edu. Einstakur ilmur og flottar umb\u00fa\u00f0ir. F\u00e1anlegar me\u00f0 5L \u00e1fyllingu. Veggfestingar \u00fearfnast ekki borunar.","robots":{"index":"index","follow":"follow","max-snippet":"max-snippet:-1","max-image-preview":"max-image-preview:large","max-video-preview":"max-video-preview:-1"},"canonical":"https:\/\/lotel.is\/is\/product\/anyah-sturtusapur-480ml-5l-copy\/","og_locale":"is_IS","og_type":"article","og_title":"Anyah - sturtus\u00e1pur 480ml\/5L refill - lotel.is","og_description":"G\u00e6\u00f0a s\u00e1pur framleiddar \u00e1 \u00cdtal\u00edu. Einstakur ilmur og flottar umb\u00fa\u00f0ir. F\u00e1anlegar me\u00f0 5L \u00e1fyllingu. Veggfestingar \u00fearfnast ekki borunar.","og_url":"https:\/\/lotel.is\/is\/product\/anyah-sturtusapur-480ml-5l-copy\/","og_site_name":"lotel.is","article_modified_time":"2025-07-26T19:23:55+00:00","og_image":[{"width":906,"height":720,"url":"https:\/\/lotel.is\/wp-content\/uploads\/2025\/07\/NEW_AU_NORDIC.webp","type":"image\/webp"}],"twitter_card":"summary_large_image","twitter_misc":{"Est. reading time":"1 minute"},"schema":{"@context":"https:\/\/schema.org","@graph":[{"@type":"WebPage","@id":"https:\/\/lotel.is\/product\/anyah-sturtusapur-480ml-5l-copy\/","url":"https:\/\/lotel.is\/product\/anyah-sturtusapur-480ml-5l-copy\/","name":"Anyah - sturtus\u00e1pur 480ml\/5L refill - lotel.is","isPartOf":{"@id":"https:\/\/lotel.is\/#website"},"primaryImageOfPage":{"@id":"https:\/\/lotel.is\/product\/anyah-sturtusapur-480ml-5l-copy\/#primaryimage"},"image":{"@id":"https:\/\/lotel.is\/product\/anyah-sturtusapur-480ml-5l-copy\/#primaryimage"},"thumbnailUrl":"https:\/\/lotel.is\/wp-content\/uploads\/2025\/07\/NEW_AU_NORDIC.webp","datePublished":"2025-07-26T18:39:28+00:00","dateModified":"2025-07-26T19:23:55+00:00","description":"G\u00e6\u00f0a s\u00e1pur framleiddar \u00e1 \u00cdtal\u00edu. Einstakur ilmur og flottar umb\u00fa\u00f0ir. F\u00e1anlegar me\u00f0 5L \u00e1fyllingu. Veggfestingar \u00fearfnast ekki borunar.","breadcrumb":{"@id":"https:\/\/lotel.is\/product\/anyah-sturtusapur-480ml-5l-copy\/#breadcrumb"},"inLanguage":"is","potentialAction":[{"@type":"ReadAction","target":["https:\/\/lotel.is\/product\/anyah-sturtusapur-480ml-5l-copy\/"]}]},{"@type":"ImageObject","inLanguage":"is","@id":"https:\/\/lotel.is\/product\/anyah-sturtusapur-480ml-5l-copy\/#primaryimage","url":"https:\/\/lotel.is\/wp-content\/uploads\/2025\/07\/NEW_AU_NORDIC.webp","contentUrl":"https:\/\/lotel.is\/wp-content\/uploads\/2025\/07\/NEW_AU_NORDIC.webp","width":906,"height":720},{"@type":"BreadcrumbList","@id":"https:\/\/lotel.is\/product\/anyah-sturtusapur-480ml-5l-copy\/#breadcrumb","itemListElement":[{"@type":"ListItem","position":1,"name":"Strona g\u0142\u00f3wna","item":"https:\/\/lotel.is\/"},{"@type":"ListItem","position":2,"name":"Versla","item":"https:\/\/lotel.is\/verslun\/"},{"@type":"ListItem","position":3,"name":"Anyah &#8211; sturtus\u00e1pur 480ml\/5L refill"}]},{"@type":"WebSite","@id":"https:\/\/lotel.is\/#website","url":"https:\/\/lotel.is\/","name":"lotel.is","description":"lotel.is","publisher":{"@id":"https:\/\/lotel.is\/#organization"},"potentialAction":[{"@type":"SearchAction","target":{"@type":"EntryPoint","urlTemplate":"https:\/\/lotel.is\/?s={search_term_string}"},"query-input":"required name=search_term_string"}],"inLanguage":"is"},{"@type":"Organization","@id":"https:\/\/lotel.is\/#organization","name":"lotel.is","url":"https:\/\/lotel.is\/","logo":{"@type":"ImageObject","inLanguage":"is","@id":"https:\/\/lotel.is\/#\/schema\/logo\/image\/","url":"https:\/\/lotel.is\/wp-content\/uploads\/2023\/12\/cropped-Lotel_i_lit_1-2.png","contentUrl":"https:\/\/lotel.is\/wp-content\/uploads\/2023\/12\/cropped-Lotel_i_lit_1-2.png","width":638,"height":227,"caption":"lotel.is"},"image":{"@id":"https:\/\/lotel.is\/#\/schema\/logo\/image\/"}}]}},"_links":{"self":[{"href":"https:\/\/lotel.is\/is\/wp-json\/wp\/v2\/product\/2075"}],"collection":[{"href":"https:\/\/lotel.is\/is\/wp-json\/wp\/v2\/product"}],"about":[{"href":"https:\/\/lotel.is\/is\/wp-json\/wp\/v2\/types\/product"}],"wp:featuredmedia":[{"embeddable":true,"href":"https:\/\/lotel.is\/is\/wp-json\/wp\/v2\/media\/2076"}],"wp:attachment":[{"href":"https:\/\/lotel.is\/is\/wp-json\/wp\/v2\/media?parent=2075"}],"wp:term":[{"taxonomy":"product_cat","embeddable":true,"href":"https:\/\/lotel.is\/is\/wp-json\/wp\/v2\/product_cat?post=2075"},{"taxonomy":"product_tag","embeddable":true,"href":"https:\/\/lotel.is\/is\/wp-json\/wp\/v2\/product_tag?post=2075"}],"curies":[{"name":"wp","href":"https:\/\/api.w.org\/{rel}","templated":true}]}}