{"id":2082,"date":"2025-07-26T20:06:15","date_gmt":"2025-07-26T20:06:15","guid":{"rendered":"https:\/\/lotel.is\/?post_type=product&#038;p=2082"},"modified":"2025-07-26T20:33:29","modified_gmt":"2025-07-26T20:33:29","slug":"greengeneva-sturtusapur-480ml-5l-refill-copy","status":"publish","type":"product","link":"https:\/\/lotel.is\/is\/product\/greengeneva-sturtusapur-480ml-5l-refill-copy\/","title":{"rendered":"Geneva Green- sturtus\u00e1pur 370ml\/5L refill"},"content":{"rendered":"<p>The whole packaging is 100% recyclable, no waste goes to landfill.<\/p>\n<p>High quality cosmetics, lightly scented and formulated with plant extracts such as Aloe Vera and Black Tea , selected active ingredients such as Shea Butter and Keratin for everyday wellbeing to rejuvenate and refresh. Cleansers are characterized by fresh and clean fragrances inspired by nature.\u00a0 All clinically tested with no alcohol, petrolatum and EDTA. The aromas of Geneva Green are characterized by being floral citrus and aromatic.<\/p>\n","protected":false},"excerpt":{"rendered":"<p>G\u00e6\u00f0a s\u00e1pur framleiddar \u00e1 \u00cdtal\u00edu. Einstakur ilmur og flottar umb\u00fa\u00f0ir. F\u00e1anlegar me\u00f0 5L \u00e1fyllingu. Veggfestingar \u00fearfnast ekki borunar.<\/p>\n<p>The formulas are lightly scented:<\/p>\n<p>HAIR &amp; BODY WASH with Green Anise and Melissa organic extracts, LIQUID HAND SOAP with Aloe Vera extract, CONDITIONER enriched with purified Keratin and Camomile extract<\/p>\n","protected":false},"featured_media":2084,"template":"","meta":{"_acf_changed":false,"_uf_show_specific_survey":0,"_uf_disable_surveys":false,"site-sidebar-layout":"default","site-content-layout":"","ast-site-content-layout":"default","site-content-style":"default","site-sidebar-style":"default","ast-global-header-display":"","ast-banner-title-visibility":"","ast-main-header-display":"","ast-hfb-above-header-display":"","ast-hfb-below-header-display":"","ast-hfb-mobile-header-display":"","site-post-title":"","ast-breadcrumbs-content":"","ast-featured-img":"","footer-sml-layout":"","theme-transparent-header-meta":"default","adv-header-id-meta":"","stick-header-meta":"","header-above-stick-meta":"","header-main-stick-meta":"","header-below-stick-meta":"","astra-migrate-meta-layouts":"set","ast-page-background-enabled":"default","ast-page-background-meta":{"desktop":{"background-color":"var(--ast-global-color-4)","background-image":"","background-repeat":"repeat","background-position":"center center","background-size":"auto","background-attachment":"scroll","background-type":"","background-media":"","overlay-type":"","overlay-color":"","overlay-gradient":""},"tablet":{"background-color":"","background-image":"","background-repeat":"repeat","background-position":"center center","background-size":"auto","background-attachment":"scroll","background-type":"","background-media":"","overlay-type":"","overlay-color":"","overlay-gradient":""},"mobile":{"background-color":"","background-image":"","background-repeat":"repeat","background-position":"center center","background-size":"auto","background-attachment":"scroll","background-type":"","background-media":"","overlay-type":"","overlay-color":"","overlay-gradient":""}},"ast-content-background-meta":{"desktop":{"background-color":"var(--ast-global-color-5)","background-image":"","background-repeat":"repeat","background-position":"center center","background-size":"auto","background-attachment":"scroll","background-type":"","background-media":"","overlay-type":"","overlay-color":"","overlay-gradient":""},"tablet":{"background-color":"var(--ast-global-color-5)","background-image":"","background-repeat":"repeat","background-position":"center center","background-size":"auto","background-attachment":"scroll","background-type":"","background-media":"","overlay-type":"","overlay-color":"","overlay-gradient":""},"mobile":{"background-color":"var(--ast-global-color-5)","background-image":"","background-repeat":"repeat","background-position":"center center","background-size":"auto","background-attachment":"scroll","background-type":"","background-media":"","overlay-type":"","overlay-color":"","overlay-gradient":""}}},"product_cat":[83,98],"product_tag":[164,162,163,160,161],"acf":[],"yoast_head":"<!-- This site is optimized with the Yoast SEO plugin v22.6 - https:\/\/yoast.com\/wordpress\/plugins\/seo\/ -->\n<title>Geneva Green- sturtus\u00e1pur 370ml\/5L refill - lotel.is<\/title>\n<meta name=\"description\" content=\"G\u00e6\u00f0a s\u00e1pur framleiddar \u00e1 \u00cdtal\u00edu. Einstakur ilmur og flottar umb\u00fa\u00f0ir. F\u00e1anlegar me\u00f0 5L \u00e1fyllingu. Veggfestingar \u00fearfnast ekki borunar.\" \/>\n<meta name=\"robots\" content=\"index, follow, max-snippet:-1, max-image-preview:large, max-video-preview:-1\" \/>\n<link rel=\"canonical\" href=\"https:\/\/lotel.is\/is\/product\/greengeneva-sturtusapur-480ml-5l-refill-copy\/\" \/>\n<meta property=\"og:locale\" content=\"is_IS\" \/>\n<meta property=\"og:type\" content=\"article\" \/>\n<meta property=\"og:title\" content=\"Geneva Green- sturtus\u00e1pur 370ml\/5L refill - lotel.is\" \/>\n<meta property=\"og:description\" content=\"G\u00e6\u00f0a s\u00e1pur framleiddar \u00e1 \u00cdtal\u00edu. Einstakur ilmur og flottar umb\u00fa\u00f0ir. F\u00e1anlegar me\u00f0 5L \u00e1fyllingu. Veggfestingar \u00fearfnast ekki borunar.\" \/>\n<meta property=\"og:url\" content=\"https:\/\/lotel.is\/is\/product\/greengeneva-sturtusapur-480ml-5l-refill-copy\/\" \/>\n<meta property=\"og:site_name\" content=\"lotel.is\" \/>\n<meta property=\"article:modified_time\" content=\"2025-07-26T20:33:29+00:00\" \/>\n<meta property=\"og:image\" content=\"https:\/\/lotel.is\/wp-content\/uploads\/2025\/07\/geneva-green-370ml.jpg\" \/>\n\t<meta property=\"og:image:width\" content=\"2000\" \/>\n\t<meta property=\"og:image:height\" content=\"2000\" \/>\n\t<meta property=\"og:image:type\" content=\"image\/jpeg\" \/>\n<meta name=\"twitter:card\" content=\"summary_large_image\" \/>\n<meta name=\"twitter:label1\" content=\"Est. reading time\" \/>\n\t<meta name=\"twitter:data1\" content=\"1 minute\" \/>\n<script type=\"application\/ld+json\" class=\"yoast-schema-graph\">{\"@context\":\"https:\/\/schema.org\",\"@graph\":[{\"@type\":\"WebPage\",\"@id\":\"https:\/\/lotel.is\/product\/greengeneva-sturtusapur-480ml-5l-refill-copy\/\",\"url\":\"https:\/\/lotel.is\/product\/greengeneva-sturtusapur-480ml-5l-refill-copy\/\",\"name\":\"Geneva Green- sturtus\u00e1pur 370ml\/5L refill - lotel.is\",\"isPartOf\":{\"@id\":\"https:\/\/lotel.is\/#website\"},\"primaryImageOfPage\":{\"@id\":\"https:\/\/lotel.is\/product\/greengeneva-sturtusapur-480ml-5l-refill-copy\/#primaryimage\"},\"image\":{\"@id\":\"https:\/\/lotel.is\/product\/greengeneva-sturtusapur-480ml-5l-refill-copy\/#primaryimage\"},\"thumbnailUrl\":\"https:\/\/lotel.is\/wp-content\/uploads\/2025\/07\/geneva-green-370ml.jpg\",\"datePublished\":\"2025-07-26T20:06:15+00:00\",\"dateModified\":\"2025-07-26T20:33:29+00:00\",\"description\":\"G\u00e6\u00f0a s\u00e1pur framleiddar \u00e1 \u00cdtal\u00edu. Einstakur ilmur og flottar umb\u00fa\u00f0ir. F\u00e1anlegar me\u00f0 5L \u00e1fyllingu. Veggfestingar \u00fearfnast ekki borunar.\",\"breadcrumb\":{\"@id\":\"https:\/\/lotel.is\/product\/greengeneva-sturtusapur-480ml-5l-refill-copy\/#breadcrumb\"},\"inLanguage\":\"is\",\"potentialAction\":[{\"@type\":\"ReadAction\",\"target\":[\"https:\/\/lotel.is\/product\/greengeneva-sturtusapur-480ml-5l-refill-copy\/\"]}]},{\"@type\":\"ImageObject\",\"inLanguage\":\"is\",\"@id\":\"https:\/\/lotel.is\/product\/greengeneva-sturtusapur-480ml-5l-refill-copy\/#primaryimage\",\"url\":\"https:\/\/lotel.is\/wp-content\/uploads\/2025\/07\/geneva-green-370ml.jpg\",\"contentUrl\":\"https:\/\/lotel.is\/wp-content\/uploads\/2025\/07\/geneva-green-370ml.jpg\",\"width\":2000,\"height\":2000},{\"@type\":\"BreadcrumbList\",\"@id\":\"https:\/\/lotel.is\/product\/greengeneva-sturtusapur-480ml-5l-refill-copy\/#breadcrumb\",\"itemListElement\":[{\"@type\":\"ListItem\",\"position\":1,\"name\":\"Strona g\u0142\u00f3wna\",\"item\":\"https:\/\/lotel.is\/\"},{\"@type\":\"ListItem\",\"position\":2,\"name\":\"Versla\",\"item\":\"https:\/\/lotel.is\/verslun\/\"},{\"@type\":\"ListItem\",\"position\":3,\"name\":\"Geneva Green- sturtus\u00e1pur 370ml\/5L refill\"}]},{\"@type\":\"WebSite\",\"@id\":\"https:\/\/lotel.is\/#website\",\"url\":\"https:\/\/lotel.is\/\",\"name\":\"lotel.is\",\"description\":\"lotel.is\",\"publisher\":{\"@id\":\"https:\/\/lotel.is\/#organization\"},\"potentialAction\":[{\"@type\":\"SearchAction\",\"target\":{\"@type\":\"EntryPoint\",\"urlTemplate\":\"https:\/\/lotel.is\/?s={search_term_string}\"},\"query-input\":\"required name=search_term_string\"}],\"inLanguage\":\"is\"},{\"@type\":\"Organization\",\"@id\":\"https:\/\/lotel.is\/#organization\",\"name\":\"lotel.is\",\"url\":\"https:\/\/lotel.is\/\",\"logo\":{\"@type\":\"ImageObject\",\"inLanguage\":\"is\",\"@id\":\"https:\/\/lotel.is\/#\/schema\/logo\/image\/\",\"url\":\"https:\/\/lotel.is\/wp-content\/uploads\/2023\/12\/cropped-Lotel_i_lit_1-2.png\",\"contentUrl\":\"https:\/\/lotel.is\/wp-content\/uploads\/2023\/12\/cropped-Lotel_i_lit_1-2.png\",\"width\":638,\"height\":227,\"caption\":\"lotel.is\"},\"image\":{\"@id\":\"https:\/\/lotel.is\/#\/schema\/logo\/image\/\"}}]}<\/script>\n<!-- \/ Yoast SEO plugin. -->","yoast_head_json":{"title":"Geneva Green- sturtus\u00e1pur 370ml\/5L refill - lotel.is","description":"G\u00e6\u00f0a s\u00e1pur framleiddar \u00e1 \u00cdtal\u00edu. Einstakur ilmur og flottar umb\u00fa\u00f0ir. F\u00e1anlegar me\u00f0 5L \u00e1fyllingu. Veggfestingar \u00fearfnast ekki borunar.","robots":{"index":"index","follow":"follow","max-snippet":"max-snippet:-1","max-image-preview":"max-image-preview:large","max-video-preview":"max-video-preview:-1"},"canonical":"https:\/\/lotel.is\/is\/product\/greengeneva-sturtusapur-480ml-5l-refill-copy\/","og_locale":"is_IS","og_type":"article","og_title":"Geneva Green- sturtus\u00e1pur 370ml\/5L refill - lotel.is","og_description":"G\u00e6\u00f0a s\u00e1pur framleiddar \u00e1 \u00cdtal\u00edu. Einstakur ilmur og flottar umb\u00fa\u00f0ir. F\u00e1anlegar me\u00f0 5L \u00e1fyllingu. Veggfestingar \u00fearfnast ekki borunar.","og_url":"https:\/\/lotel.is\/is\/product\/greengeneva-sturtusapur-480ml-5l-refill-copy\/","og_site_name":"lotel.is","article_modified_time":"2025-07-26T20:33:29+00:00","og_image":[{"width":2000,"height":2000,"url":"https:\/\/lotel.is\/wp-content\/uploads\/2025\/07\/geneva-green-370ml.jpg","type":"image\/jpeg"}],"twitter_card":"summary_large_image","twitter_misc":{"Est. reading time":"1 minute"},"schema":{"@context":"https:\/\/schema.org","@graph":[{"@type":"WebPage","@id":"https:\/\/lotel.is\/product\/greengeneva-sturtusapur-480ml-5l-refill-copy\/","url":"https:\/\/lotel.is\/product\/greengeneva-sturtusapur-480ml-5l-refill-copy\/","name":"Geneva Green- sturtus\u00e1pur 370ml\/5L refill - lotel.is","isPartOf":{"@id":"https:\/\/lotel.is\/#website"},"primaryImageOfPage":{"@id":"https:\/\/lotel.is\/product\/greengeneva-sturtusapur-480ml-5l-refill-copy\/#primaryimage"},"image":{"@id":"https:\/\/lotel.is\/product\/greengeneva-sturtusapur-480ml-5l-refill-copy\/#primaryimage"},"thumbnailUrl":"https:\/\/lotel.is\/wp-content\/uploads\/2025\/07\/geneva-green-370ml.jpg","datePublished":"2025-07-26T20:06:15+00:00","dateModified":"2025-07-26T20:33:29+00:00","description":"G\u00e6\u00f0a s\u00e1pur framleiddar \u00e1 \u00cdtal\u00edu. Einstakur ilmur og flottar umb\u00fa\u00f0ir. F\u00e1anlegar me\u00f0 5L \u00e1fyllingu. Veggfestingar \u00fearfnast ekki borunar.","breadcrumb":{"@id":"https:\/\/lotel.is\/product\/greengeneva-sturtusapur-480ml-5l-refill-copy\/#breadcrumb"},"inLanguage":"is","potentialAction":[{"@type":"ReadAction","target":["https:\/\/lotel.is\/product\/greengeneva-sturtusapur-480ml-5l-refill-copy\/"]}]},{"@type":"ImageObject","inLanguage":"is","@id":"https:\/\/lotel.is\/product\/greengeneva-sturtusapur-480ml-5l-refill-copy\/#primaryimage","url":"https:\/\/lotel.is\/wp-content\/uploads\/2025\/07\/geneva-green-370ml.jpg","contentUrl":"https:\/\/lotel.is\/wp-content\/uploads\/2025\/07\/geneva-green-370ml.jpg","width":2000,"height":2000},{"@type":"BreadcrumbList","@id":"https:\/\/lotel.is\/product\/greengeneva-sturtusapur-480ml-5l-refill-copy\/#breadcrumb","itemListElement":[{"@type":"ListItem","position":1,"name":"Strona g\u0142\u00f3wna","item":"https:\/\/lotel.is\/"},{"@type":"ListItem","position":2,"name":"Versla","item":"https:\/\/lotel.is\/verslun\/"},{"@type":"ListItem","position":3,"name":"Geneva Green- sturtus\u00e1pur 370ml\/5L refill"}]},{"@type":"WebSite","@id":"https:\/\/lotel.is\/#website","url":"https:\/\/lotel.is\/","name":"lotel.is","description":"lotel.is","publisher":{"@id":"https:\/\/lotel.is\/#organization"},"potentialAction":[{"@type":"SearchAction","target":{"@type":"EntryPoint","urlTemplate":"https:\/\/lotel.is\/?s={search_term_string}"},"query-input":"required name=search_term_string"}],"inLanguage":"is"},{"@type":"Organization","@id":"https:\/\/lotel.is\/#organization","name":"lotel.is","url":"https:\/\/lotel.is\/","logo":{"@type":"ImageObject","inLanguage":"is","@id":"https:\/\/lotel.is\/#\/schema\/logo\/image\/","url":"https:\/\/lotel.is\/wp-content\/uploads\/2023\/12\/cropped-Lotel_i_lit_1-2.png","contentUrl":"https:\/\/lotel.is\/wp-content\/uploads\/2023\/12\/cropped-Lotel_i_lit_1-2.png","width":638,"height":227,"caption":"lotel.is"},"image":{"@id":"https:\/\/lotel.is\/#\/schema\/logo\/image\/"}}]}},"_links":{"self":[{"href":"https:\/\/lotel.is\/is\/wp-json\/wp\/v2\/product\/2082"}],"collection":[{"href":"https:\/\/lotel.is\/is\/wp-json\/wp\/v2\/product"}],"about":[{"href":"https:\/\/lotel.is\/is\/wp-json\/wp\/v2\/types\/product"}],"wp:featuredmedia":[{"embeddable":true,"href":"https:\/\/lotel.is\/is\/wp-json\/wp\/v2\/media\/2084"}],"wp:attachment":[{"href":"https:\/\/lotel.is\/is\/wp-json\/wp\/v2\/media?parent=2082"}],"wp:term":[{"taxonomy":"product_cat","embeddable":true,"href":"https:\/\/lotel.is\/is\/wp-json\/wp\/v2\/product_cat?post=2082"},{"taxonomy":"product_tag","embeddable":true,"href":"https:\/\/lotel.is\/is\/wp-json\/wp\/v2\/product_tag?post=2082"}],"curies":[{"name":"wp","href":"https:\/\/api.w.org\/{rel}","templated":true}]}}