{"id":667,"date":"2023-12-31T06:36:15","date_gmt":"2023-12-31T05:36:15","guid":{"rendered":"https:\/\/lotel.is\/?post_type=product&#038;p=667"},"modified":"2024-12-06T12:27:59","modified_gmt":"2024-12-06T12:27:59","slug":"saeng-comfort","status":"publish","type":"product","link":"https:\/\/lotel.is\/is\/product\/saeng-comfort\/","title":{"rendered":"S\u00e6ng Budget"},"content":{"rendered":"<p>\u00deessi heils\u00e1rss\u00e6ng er fullkomin hagkv\u00e6m lausn fyrir gistinguna \u00fe\u00edna. Me\u00f0 l\u00e9ttri h\u00f6nnun sinni b\u00fd\u00f0ur hann upp \u00e1 notalega n\u00e6tursvefn \u00e1 hva\u00f0a \u00e1rst\u00ed\u00f0 sem er. S\u00e6ngin er einnig au\u00f0veld \u00ed \u00fevotti og umhir\u00f0u.<\/p>\n","protected":false},"excerpt":{"rendered":"<p><strong>St\u00e6r\u00f0: <\/strong><span style=\"font-weight: 400;\">135\u00d7200cm<\/span><\/p>\n<p><strong>Efni: <\/strong><span style=\"font-weight: 400;\">100% b\u00f3mull<\/span><\/p>\n<p><strong>Fylling: <\/strong><span style=\"font-weight: 400;\">100% b\u00f3mull<\/span><\/p>\n<p><strong>Litur: <\/strong><span style=\"font-weight: 400;\">Hv\u00edtur<\/span><\/p>\n","protected":false},"featured_media":1749,"template":"","meta":{"_acf_changed":false,"_uf_show_specific_survey":0,"_uf_disable_surveys":false,"site-sidebar-layout":"default","site-content-layout":"","ast-site-content-layout":"default","site-content-style":"default","site-sidebar-style":"default","ast-global-header-display":"","ast-banner-title-visibility":"","ast-main-header-display":"","ast-hfb-above-header-display":"","ast-hfb-below-header-display":"","ast-hfb-mobile-header-display":"","site-post-title":"","ast-breadcrumbs-content":"","ast-featured-img":"","footer-sml-layout":"","theme-transparent-header-meta":"default","adv-header-id-meta":"","stick-header-meta":"","header-above-stick-meta":"","header-main-stick-meta":"","header-below-stick-meta":"","astra-migrate-meta-layouts":"set","ast-page-background-enabled":"default","ast-page-background-meta":{"desktop":{"background-color":"var(--ast-global-color-4)","background-image":"","background-repeat":"repeat","background-position":"center center","background-size":"auto","background-attachment":"scroll","background-type":"","background-media":"","overlay-type":"","overlay-color":"","overlay-gradient":""},"tablet":{"background-color":"","background-image":"","background-repeat":"repeat","background-position":"center center","background-size":"auto","background-attachment":"scroll","background-type":"","background-media":"","overlay-type":"","overlay-color":"","overlay-gradient":""},"mobile":{"background-color":"","background-image":"","background-repeat":"repeat","background-position":"center center","background-size":"auto","background-attachment":"scroll","background-type":"","background-media":"","overlay-type":"","overlay-color":"","overlay-gradient":""}},"ast-content-background-meta":{"desktop":{"background-color":"var(--ast-global-color-5)","background-image":"","background-repeat":"repeat","background-position":"center center","background-size":"auto","background-attachment":"scroll","background-type":"","background-media":"","overlay-type":"","overlay-color":"","overlay-gradient":""},"tablet":{"background-color":"var(--ast-global-color-5)","background-image":"","background-repeat":"repeat","background-position":"center center","background-size":"auto","background-attachment":"scroll","background-type":"","background-media":"","overlay-type":"","overlay-color":"","overlay-gradient":""},"mobile":{"background-color":"var(--ast-global-color-5)","background-image":"","background-repeat":"repeat","background-position":"center center","background-size":"auto","background-attachment":"scroll","background-type":"","background-media":"","overlay-type":"","overlay-color":"","overlay-gradient":""}}},"product_cat":[67,117],"product_tag":[],"acf":[],"yoast_head":"<!-- This site is optimized with the Yoast SEO plugin v22.6 - https:\/\/yoast.com\/wordpress\/plugins\/seo\/ -->\n<title>S\u00e6ng Budget - lotel.is<\/title>\n<meta name=\"robots\" content=\"index, follow, max-snippet:-1, max-image-preview:large, max-video-preview:-1\" \/>\n<link rel=\"canonical\" href=\"https:\/\/lotel.is\/is\/product\/saeng-comfort\/\" \/>\n<meta property=\"og:locale\" content=\"is_IS\" \/>\n<meta property=\"og:type\" content=\"article\" \/>\n<meta property=\"og:title\" content=\"S\u00e6ng Budget - lotel.is\" \/>\n<meta property=\"og:description\" content=\"St\u00e6r\u00f0: 135\u00d7200cm  Efni: 100% b\u00f3mull  Fylling: 100% b\u00f3mull  Litur: Hv\u00edtur\" \/>\n<meta property=\"og:url\" content=\"https:\/\/lotel.is\/is\/product\/saeng-comfort\/\" \/>\n<meta property=\"og:site_name\" content=\"lotel.is\" \/>\n<meta property=\"article:modified_time\" content=\"2024-12-06T12:27:59+00:00\" \/>\n<meta property=\"og:image\" content=\"https:\/\/lotel.is\/wp-content\/uploads\/2023\/12\/iStock-504602106.jpg\" \/>\n\t<meta property=\"og:image:width\" content=\"2121\" \/>\n\t<meta property=\"og:image:height\" content=\"1414\" \/>\n\t<meta property=\"og:image:type\" content=\"image\/jpeg\" \/>\n<meta name=\"twitter:card\" content=\"summary_large_image\" \/>\n<meta name=\"twitter:label1\" content=\"Est. reading time\" \/>\n\t<meta name=\"twitter:data1\" content=\"1 minute\" \/>\n<script type=\"application\/ld+json\" class=\"yoast-schema-graph\">{\"@context\":\"https:\/\/schema.org\",\"@graph\":[{\"@type\":\"WebPage\",\"@id\":\"https:\/\/lotel.is\/product\/saeng-comfort\/\",\"url\":\"https:\/\/lotel.is\/product\/saeng-comfort\/\",\"name\":\"S\u00e6ng Budget - lotel.is\",\"isPartOf\":{\"@id\":\"https:\/\/lotel.is\/#website\"},\"primaryImageOfPage\":{\"@id\":\"https:\/\/lotel.is\/product\/saeng-comfort\/#primaryimage\"},\"image\":{\"@id\":\"https:\/\/lotel.is\/product\/saeng-comfort\/#primaryimage\"},\"thumbnailUrl\":\"https:\/\/lotel.is\/wp-content\/uploads\/2023\/12\/iStock-504602106.jpg\",\"datePublished\":\"2023-12-31T05:36:15+00:00\",\"dateModified\":\"2024-12-06T12:27:59+00:00\",\"breadcrumb\":{\"@id\":\"https:\/\/lotel.is\/product\/saeng-comfort\/#breadcrumb\"},\"inLanguage\":\"is\",\"potentialAction\":[{\"@type\":\"ReadAction\",\"target\":[\"https:\/\/lotel.is\/product\/saeng-comfort\/\"]}]},{\"@type\":\"ImageObject\",\"inLanguage\":\"is\",\"@id\":\"https:\/\/lotel.is\/product\/saeng-comfort\/#primaryimage\",\"url\":\"https:\/\/lotel.is\/wp-content\/uploads\/2023\/12\/iStock-504602106.jpg\",\"contentUrl\":\"https:\/\/lotel.is\/wp-content\/uploads\/2023\/12\/iStock-504602106.jpg\",\"width\":2121,\"height\":1414},{\"@type\":\"BreadcrumbList\",\"@id\":\"https:\/\/lotel.is\/product\/saeng-comfort\/#breadcrumb\",\"itemListElement\":[{\"@type\":\"ListItem\",\"position\":1,\"name\":\"Strona g\u0142\u00f3wna\",\"item\":\"https:\/\/lotel.is\/\"},{\"@type\":\"ListItem\",\"position\":2,\"name\":\"Versla\",\"item\":\"https:\/\/lotel.is\/verslun\/\"},{\"@type\":\"ListItem\",\"position\":3,\"name\":\"S\u00e6ng Budget\"}]},{\"@type\":\"WebSite\",\"@id\":\"https:\/\/lotel.is\/#website\",\"url\":\"https:\/\/lotel.is\/\",\"name\":\"lotel.is\",\"description\":\"lotel.is\",\"publisher\":{\"@id\":\"https:\/\/lotel.is\/#organization\"},\"potentialAction\":[{\"@type\":\"SearchAction\",\"target\":{\"@type\":\"EntryPoint\",\"urlTemplate\":\"https:\/\/lotel.is\/?s={search_term_string}\"},\"query-input\":\"required name=search_term_string\"}],\"inLanguage\":\"is\"},{\"@type\":\"Organization\",\"@id\":\"https:\/\/lotel.is\/#organization\",\"name\":\"lotel.is\",\"url\":\"https:\/\/lotel.is\/\",\"logo\":{\"@type\":\"ImageObject\",\"inLanguage\":\"is\",\"@id\":\"https:\/\/lotel.is\/#\/schema\/logo\/image\/\",\"url\":\"https:\/\/lotel.is\/wp-content\/uploads\/2023\/12\/cropped-Lotel_i_lit_1-2.png\",\"contentUrl\":\"https:\/\/lotel.is\/wp-content\/uploads\/2023\/12\/cropped-Lotel_i_lit_1-2.png\",\"width\":638,\"height\":227,\"caption\":\"lotel.is\"},\"image\":{\"@id\":\"https:\/\/lotel.is\/#\/schema\/logo\/image\/\"}}]}<\/script>\n<!-- \/ Yoast SEO plugin. -->","yoast_head_json":{"title":"S\u00e6ng Budget - lotel.is","robots":{"index":"index","follow":"follow","max-snippet":"max-snippet:-1","max-image-preview":"max-image-preview:large","max-video-preview":"max-video-preview:-1"},"canonical":"https:\/\/lotel.is\/is\/product\/saeng-comfort\/","og_locale":"is_IS","og_type":"article","og_title":"S\u00e6ng Budget - lotel.is","og_description":"St\u00e6r\u00f0: 135\u00d7200cm  Efni: 100% b\u00f3mull  Fylling: 100% b\u00f3mull  Litur: Hv\u00edtur","og_url":"https:\/\/lotel.is\/is\/product\/saeng-comfort\/","og_site_name":"lotel.is","article_modified_time":"2024-12-06T12:27:59+00:00","og_image":[{"width":2121,"height":1414,"url":"https:\/\/lotel.is\/wp-content\/uploads\/2023\/12\/iStock-504602106.jpg","type":"image\/jpeg"}],"twitter_card":"summary_large_image","twitter_misc":{"Est. reading time":"1 minute"},"schema":{"@context":"https:\/\/schema.org","@graph":[{"@type":"WebPage","@id":"https:\/\/lotel.is\/product\/saeng-comfort\/","url":"https:\/\/lotel.is\/product\/saeng-comfort\/","name":"S\u00e6ng Budget - lotel.is","isPartOf":{"@id":"https:\/\/lotel.is\/#website"},"primaryImageOfPage":{"@id":"https:\/\/lotel.is\/product\/saeng-comfort\/#primaryimage"},"image":{"@id":"https:\/\/lotel.is\/product\/saeng-comfort\/#primaryimage"},"thumbnailUrl":"https:\/\/lotel.is\/wp-content\/uploads\/2023\/12\/iStock-504602106.jpg","datePublished":"2023-12-31T05:36:15+00:00","dateModified":"2024-12-06T12:27:59+00:00","breadcrumb":{"@id":"https:\/\/lotel.is\/product\/saeng-comfort\/#breadcrumb"},"inLanguage":"is","potentialAction":[{"@type":"ReadAction","target":["https:\/\/lotel.is\/product\/saeng-comfort\/"]}]},{"@type":"ImageObject","inLanguage":"is","@id":"https:\/\/lotel.is\/product\/saeng-comfort\/#primaryimage","url":"https:\/\/lotel.is\/wp-content\/uploads\/2023\/12\/iStock-504602106.jpg","contentUrl":"https:\/\/lotel.is\/wp-content\/uploads\/2023\/12\/iStock-504602106.jpg","width":2121,"height":1414},{"@type":"BreadcrumbList","@id":"https:\/\/lotel.is\/product\/saeng-comfort\/#breadcrumb","itemListElement":[{"@type":"ListItem","position":1,"name":"Strona g\u0142\u00f3wna","item":"https:\/\/lotel.is\/"},{"@type":"ListItem","position":2,"name":"Versla","item":"https:\/\/lotel.is\/verslun\/"},{"@type":"ListItem","position":3,"name":"S\u00e6ng Budget"}]},{"@type":"WebSite","@id":"https:\/\/lotel.is\/#website","url":"https:\/\/lotel.is\/","name":"lotel.is","description":"lotel.is","publisher":{"@id":"https:\/\/lotel.is\/#organization"},"potentialAction":[{"@type":"SearchAction","target":{"@type":"EntryPoint","urlTemplate":"https:\/\/lotel.is\/?s={search_term_string}"},"query-input":"required name=search_term_string"}],"inLanguage":"is"},{"@type":"Organization","@id":"https:\/\/lotel.is\/#organization","name":"lotel.is","url":"https:\/\/lotel.is\/","logo":{"@type":"ImageObject","inLanguage":"is","@id":"https:\/\/lotel.is\/#\/schema\/logo\/image\/","url":"https:\/\/lotel.is\/wp-content\/uploads\/2023\/12\/cropped-Lotel_i_lit_1-2.png","contentUrl":"https:\/\/lotel.is\/wp-content\/uploads\/2023\/12\/cropped-Lotel_i_lit_1-2.png","width":638,"height":227,"caption":"lotel.is"},"image":{"@id":"https:\/\/lotel.is\/#\/schema\/logo\/image\/"}}]}},"_links":{"self":[{"href":"https:\/\/lotel.is\/is\/wp-json\/wp\/v2\/product\/667"}],"collection":[{"href":"https:\/\/lotel.is\/is\/wp-json\/wp\/v2\/product"}],"about":[{"href":"https:\/\/lotel.is\/is\/wp-json\/wp\/v2\/types\/product"}],"wp:featuredmedia":[{"embeddable":true,"href":"https:\/\/lotel.is\/is\/wp-json\/wp\/v2\/media\/1749"}],"wp:attachment":[{"href":"https:\/\/lotel.is\/is\/wp-json\/wp\/v2\/media?parent=667"}],"wp:term":[{"taxonomy":"product_cat","embeddable":true,"href":"https:\/\/lotel.is\/is\/wp-json\/wp\/v2\/product_cat?post=667"},{"taxonomy":"product_tag","embeddable":true,"href":"https:\/\/lotel.is\/is\/wp-json\/wp\/v2\/product_tag?post=667"}],"curies":[{"name":"wp","href":"https:\/\/api.w.org\/{rel}","templated":true}]}}