{"id":672,"date":"2023-12-31T06:49:48","date_gmt":"2023-12-31T05:49:48","guid":{"rendered":"https:\/\/lotel.is\/?post_type=product&#038;p=672"},"modified":"2024-07-14T12:23:41","modified_gmt":"2024-07-14T12:23:41","slug":"saengurver-hjorsey","status":"publish","type":"product","link":"https:\/\/lotel.is\/is\/product\/saengurver-hjorsey\/","title":{"rendered":"Hj\u00f6rsey R\u00famfatasett"},"content":{"rendered":"<p>Mynstri\u00f0 gefur g\u00f3\u00f0a stemningu \u00ed s\u00e9rhvert h\u00f3telherbergi. \u00deessi 80% b\u00f3mullarvalkostur er fullkominn fyrir l\u00faxush\u00f3tel \u00e1 me\u00f0an l\u00e1gmarks p\u00f3l\u00fdesterinnihald tryggir g\u00f3\u00f0a endingu sem gerir \u00feessi r\u00famf\u00f6tu a\u00f0 fr\u00e1b\u00e6rum valkosti.<\/p>\n","protected":false},"excerpt":{"rendered":"<p><strong>St\u00e6r\u00f0: <\/strong><span style=\"font-weight: 400;\">140\u00d7200<\/span><\/p>\n<p><strong>Efni: <\/strong><span style=\"font-weight: 400;\">80% b\u00f3mull 20% p\u00f3lyester<\/span><\/p>\n<p><strong>\u00der\u00e1\u00f0afj\u00f6ldi: <\/strong><span style=\"font-weight: 400;\">400 TC<\/span><\/p>\n<p><strong>Litur: <\/strong><span style=\"font-weight: 400;\">Hv\u00edtur<\/span><\/p>\n<p><strong>Mynstur: <\/strong><span style=\"font-weight: 400;\">Sk\u00e1k<\/span><\/p>\n","protected":false},"featured_media":1370,"template":"","meta":{"_acf_changed":false,"_uf_show_specific_survey":0,"_uf_disable_surveys":false,"site-sidebar-layout":"default","site-content-layout":"","ast-site-content-layout":"default","site-content-style":"default","site-sidebar-style":"default","ast-global-header-display":"","ast-banner-title-visibility":"","ast-main-header-display":"","ast-hfb-above-header-display":"","ast-hfb-below-header-display":"","ast-hfb-mobile-header-display":"","site-post-title":"","ast-breadcrumbs-content":"","ast-featured-img":"","footer-sml-layout":"","theme-transparent-header-meta":"default","adv-header-id-meta":"","stick-header-meta":"","header-above-stick-meta":"","header-main-stick-meta":"","header-below-stick-meta":"","astra-migrate-meta-layouts":"set","ast-page-background-enabled":"default","ast-page-background-meta":{"desktop":{"background-color":"var(--ast-global-color-4)","background-image":"","background-repeat":"repeat","background-position":"center center","background-size":"auto","background-attachment":"scroll","background-type":"","background-media":"","overlay-type":"","overlay-color":"","overlay-gradient":""},"tablet":{"background-color":"","background-image":"","background-repeat":"repeat","background-position":"center center","background-size":"auto","background-attachment":"scroll","background-type":"","background-media":"","overlay-type":"","overlay-color":"","overlay-gradient":""},"mobile":{"background-color":"","background-image":"","background-repeat":"repeat","background-position":"center center","background-size":"auto","background-attachment":"scroll","background-type":"","background-media":"","overlay-type":"","overlay-color":"","overlay-gradient":""}},"ast-content-background-meta":{"desktop":{"background-color":"var(--ast-global-color-5)","background-image":"","background-repeat":"repeat","background-position":"center center","background-size":"auto","background-attachment":"scroll","background-type":"","background-media":"","overlay-type":"","overlay-color":"","overlay-gradient":""},"tablet":{"background-color":"var(--ast-global-color-5)","background-image":"","background-repeat":"repeat","background-position":"center center","background-size":"auto","background-attachment":"scroll","background-type":"","background-media":"","overlay-type":"","overlay-color":"","overlay-gradient":""},"mobile":{"background-color":"var(--ast-global-color-5)","background-image":"","background-repeat":"repeat","background-position":"center center","background-size":"auto","background-attachment":"scroll","background-type":"","background-media":"","overlay-type":"","overlay-color":"","overlay-gradient":""}}},"product_cat":[67,88],"product_tag":[],"acf":[],"yoast_head":"<!-- This site is optimized with the Yoast SEO plugin v22.6 - https:\/\/yoast.com\/wordpress\/plugins\/seo\/ -->\n<title>Hj\u00f6rsey R\u00famfatasett - lotel.is<\/title>\n<meta name=\"robots\" content=\"index, follow, max-snippet:-1, max-image-preview:large, max-video-preview:-1\" \/>\n<link rel=\"canonical\" href=\"https:\/\/lotel.is\/is\/product\/saengurver-hjorsey\/\" \/>\n<meta property=\"og:locale\" content=\"is_IS\" \/>\n<meta property=\"og:type\" content=\"article\" \/>\n<meta property=\"og:title\" content=\"Hj\u00f6rsey R\u00famfatasett - lotel.is\" \/>\n<meta property=\"og:description\" content=\"St\u00e6r\u00f0: 140\u00d7200  Efni: 80% b\u00f3mull 20% p\u00f3lyester  \u00der\u00e1\u00f0afj\u00f6ldi: 400 TC  Litur: Hv\u00edtur  Mynstur: Sk\u00e1k\" \/>\n<meta property=\"og:url\" content=\"https:\/\/lotel.is\/is\/product\/saengurver-hjorsey\/\" \/>\n<meta property=\"og:site_name\" content=\"lotel.is\" \/>\n<meta property=\"article:modified_time\" content=\"2024-07-14T12:23:41+00:00\" \/>\n<meta property=\"og:image\" content=\"https:\/\/lotel.is\/wp-content\/uploads\/2023\/12\/DSC01656-1-scaled.jpg\" \/>\n\t<meta property=\"og:image:width\" content=\"2560\" \/>\n\t<meta property=\"og:image:height\" content=\"1707\" \/>\n\t<meta property=\"og:image:type\" content=\"image\/jpeg\" \/>\n<meta name=\"twitter:card\" content=\"summary_large_image\" \/>\n<meta name=\"twitter:label1\" content=\"Est. reading time\" \/>\n\t<meta name=\"twitter:data1\" content=\"1 minute\" \/>\n<script type=\"application\/ld+json\" class=\"yoast-schema-graph\">{\"@context\":\"https:\/\/schema.org\",\"@graph\":[{\"@type\":\"WebPage\",\"@id\":\"https:\/\/lotel.is\/product\/saengurver-hjorsey\/\",\"url\":\"https:\/\/lotel.is\/product\/saengurver-hjorsey\/\",\"name\":\"Hj\u00f6rsey R\u00famfatasett - lotel.is\",\"isPartOf\":{\"@id\":\"https:\/\/lotel.is\/#website\"},\"primaryImageOfPage\":{\"@id\":\"https:\/\/lotel.is\/product\/saengurver-hjorsey\/#primaryimage\"},\"image\":{\"@id\":\"https:\/\/lotel.is\/product\/saengurver-hjorsey\/#primaryimage\"},\"thumbnailUrl\":\"https:\/\/lotel.is\/wp-content\/uploads\/2023\/12\/DSC01656-1-scaled.jpg\",\"datePublished\":\"2023-12-31T05:49:48+00:00\",\"dateModified\":\"2024-07-14T12:23:41+00:00\",\"breadcrumb\":{\"@id\":\"https:\/\/lotel.is\/product\/saengurver-hjorsey\/#breadcrumb\"},\"inLanguage\":\"is\",\"potentialAction\":[{\"@type\":\"ReadAction\",\"target\":[\"https:\/\/lotel.is\/product\/saengurver-hjorsey\/\"]}]},{\"@type\":\"ImageObject\",\"inLanguage\":\"is\",\"@id\":\"https:\/\/lotel.is\/product\/saengurver-hjorsey\/#primaryimage\",\"url\":\"https:\/\/lotel.is\/wp-content\/uploads\/2023\/12\/DSC01656-1-scaled.jpg\",\"contentUrl\":\"https:\/\/lotel.is\/wp-content\/uploads\/2023\/12\/DSC01656-1-scaled.jpg\",\"width\":2560,\"height\":1707},{\"@type\":\"BreadcrumbList\",\"@id\":\"https:\/\/lotel.is\/product\/saengurver-hjorsey\/#breadcrumb\",\"itemListElement\":[{\"@type\":\"ListItem\",\"position\":1,\"name\":\"Strona g\u0142\u00f3wna\",\"item\":\"https:\/\/lotel.is\/\"},{\"@type\":\"ListItem\",\"position\":2,\"name\":\"Versla\",\"item\":\"https:\/\/lotel.is\/verslun\/\"},{\"@type\":\"ListItem\",\"position\":3,\"name\":\"Hj\u00f6rsey R\u00famfatasett\"}]},{\"@type\":\"WebSite\",\"@id\":\"https:\/\/lotel.is\/#website\",\"url\":\"https:\/\/lotel.is\/\",\"name\":\"lotel.is\",\"description\":\"lotel.is\",\"publisher\":{\"@id\":\"https:\/\/lotel.is\/#organization\"},\"potentialAction\":[{\"@type\":\"SearchAction\",\"target\":{\"@type\":\"EntryPoint\",\"urlTemplate\":\"https:\/\/lotel.is\/?s={search_term_string}\"},\"query-input\":\"required name=search_term_string\"}],\"inLanguage\":\"is\"},{\"@type\":\"Organization\",\"@id\":\"https:\/\/lotel.is\/#organization\",\"name\":\"lotel.is\",\"url\":\"https:\/\/lotel.is\/\",\"logo\":{\"@type\":\"ImageObject\",\"inLanguage\":\"is\",\"@id\":\"https:\/\/lotel.is\/#\/schema\/logo\/image\/\",\"url\":\"https:\/\/lotel.is\/wp-content\/uploads\/2023\/12\/cropped-Lotel_i_lit_1-2.png\",\"contentUrl\":\"https:\/\/lotel.is\/wp-content\/uploads\/2023\/12\/cropped-Lotel_i_lit_1-2.png\",\"width\":638,\"height\":227,\"caption\":\"lotel.is\"},\"image\":{\"@id\":\"https:\/\/lotel.is\/#\/schema\/logo\/image\/\"}}]}<\/script>\n<!-- \/ Yoast SEO plugin. -->","yoast_head_json":{"title":"Hj\u00f6rsey R\u00famfatasett - lotel.is","robots":{"index":"index","follow":"follow","max-snippet":"max-snippet:-1","max-image-preview":"max-image-preview:large","max-video-preview":"max-video-preview:-1"},"canonical":"https:\/\/lotel.is\/is\/product\/saengurver-hjorsey\/","og_locale":"is_IS","og_type":"article","og_title":"Hj\u00f6rsey R\u00famfatasett - lotel.is","og_description":"St\u00e6r\u00f0: 140\u00d7200  Efni: 80% b\u00f3mull 20% p\u00f3lyester  \u00der\u00e1\u00f0afj\u00f6ldi: 400 TC  Litur: Hv\u00edtur  Mynstur: Sk\u00e1k","og_url":"https:\/\/lotel.is\/is\/product\/saengurver-hjorsey\/","og_site_name":"lotel.is","article_modified_time":"2024-07-14T12:23:41+00:00","og_image":[{"width":2560,"height":1707,"url":"https:\/\/lotel.is\/wp-content\/uploads\/2023\/12\/DSC01656-1-scaled.jpg","type":"image\/jpeg"}],"twitter_card":"summary_large_image","twitter_misc":{"Est. reading time":"1 minute"},"schema":{"@context":"https:\/\/schema.org","@graph":[{"@type":"WebPage","@id":"https:\/\/lotel.is\/product\/saengurver-hjorsey\/","url":"https:\/\/lotel.is\/product\/saengurver-hjorsey\/","name":"Hj\u00f6rsey R\u00famfatasett - lotel.is","isPartOf":{"@id":"https:\/\/lotel.is\/#website"},"primaryImageOfPage":{"@id":"https:\/\/lotel.is\/product\/saengurver-hjorsey\/#primaryimage"},"image":{"@id":"https:\/\/lotel.is\/product\/saengurver-hjorsey\/#primaryimage"},"thumbnailUrl":"https:\/\/lotel.is\/wp-content\/uploads\/2023\/12\/DSC01656-1-scaled.jpg","datePublished":"2023-12-31T05:49:48+00:00","dateModified":"2024-07-14T12:23:41+00:00","breadcrumb":{"@id":"https:\/\/lotel.is\/product\/saengurver-hjorsey\/#breadcrumb"},"inLanguage":"is","potentialAction":[{"@type":"ReadAction","target":["https:\/\/lotel.is\/product\/saengurver-hjorsey\/"]}]},{"@type":"ImageObject","inLanguage":"is","@id":"https:\/\/lotel.is\/product\/saengurver-hjorsey\/#primaryimage","url":"https:\/\/lotel.is\/wp-content\/uploads\/2023\/12\/DSC01656-1-scaled.jpg","contentUrl":"https:\/\/lotel.is\/wp-content\/uploads\/2023\/12\/DSC01656-1-scaled.jpg","width":2560,"height":1707},{"@type":"BreadcrumbList","@id":"https:\/\/lotel.is\/product\/saengurver-hjorsey\/#breadcrumb","itemListElement":[{"@type":"ListItem","position":1,"name":"Strona g\u0142\u00f3wna","item":"https:\/\/lotel.is\/"},{"@type":"ListItem","position":2,"name":"Versla","item":"https:\/\/lotel.is\/verslun\/"},{"@type":"ListItem","position":3,"name":"Hj\u00f6rsey R\u00famfatasett"}]},{"@type":"WebSite","@id":"https:\/\/lotel.is\/#website","url":"https:\/\/lotel.is\/","name":"lotel.is","description":"lotel.is","publisher":{"@id":"https:\/\/lotel.is\/#organization"},"potentialAction":[{"@type":"SearchAction","target":{"@type":"EntryPoint","urlTemplate":"https:\/\/lotel.is\/?s={search_term_string}"},"query-input":"required name=search_term_string"}],"inLanguage":"is"},{"@type":"Organization","@id":"https:\/\/lotel.is\/#organization","name":"lotel.is","url":"https:\/\/lotel.is\/","logo":{"@type":"ImageObject","inLanguage":"is","@id":"https:\/\/lotel.is\/#\/schema\/logo\/image\/","url":"https:\/\/lotel.is\/wp-content\/uploads\/2023\/12\/cropped-Lotel_i_lit_1-2.png","contentUrl":"https:\/\/lotel.is\/wp-content\/uploads\/2023\/12\/cropped-Lotel_i_lit_1-2.png","width":638,"height":227,"caption":"lotel.is"},"image":{"@id":"https:\/\/lotel.is\/#\/schema\/logo\/image\/"}}]}},"_links":{"self":[{"href":"https:\/\/lotel.is\/is\/wp-json\/wp\/v2\/product\/672"}],"collection":[{"href":"https:\/\/lotel.is\/is\/wp-json\/wp\/v2\/product"}],"about":[{"href":"https:\/\/lotel.is\/is\/wp-json\/wp\/v2\/types\/product"}],"wp:featuredmedia":[{"embeddable":true,"href":"https:\/\/lotel.is\/is\/wp-json\/wp\/v2\/media\/1370"}],"wp:attachment":[{"href":"https:\/\/lotel.is\/is\/wp-json\/wp\/v2\/media?parent=672"}],"wp:term":[{"taxonomy":"product_cat","embeddable":true,"href":"https:\/\/lotel.is\/is\/wp-json\/wp\/v2\/product_cat?post=672"},{"taxonomy":"product_tag","embeddable":true,"href":"https:\/\/lotel.is\/is\/wp-json\/wp\/v2\/product_tag?post=672"}],"curies":[{"name":"wp","href":"https:\/\/api.w.org\/{rel}","templated":true}]}}