{"id":674,"date":"2023-12-31T06:58:09","date_gmt":"2023-12-31T05:58:09","guid":{"rendered":"https:\/\/lotel.is\/?post_type=product&#038;p=674"},"modified":"2024-12-06T15:53:35","modified_gmt":"2024-12-06T15:53:35","slug":"saengurver-grimsey","status":"publish","type":"product","link":"https:\/\/lotel.is\/is\/product\/saengurver-grimsey\/","title":{"rendered":"Gr\u00edmsey R\u00famfatasett"},"content":{"rendered":"<p>\u00deetta er n\u00fdjasta varan \u00e1 \u00edslenskum marka\u00f0i me\u00f0 \u00f3vi\u00f0jafnanlegum g\u00e6\u00f0um. \u00dea\u00f0 er me\u00f0 hlutfalli\u00f0 80-20 og tryggir silkimj\u00faka snertingu \u00e1 h\u00fa\u00f0inni og er jafnframt endingargott. \u00deetta er s\u00e6ngurver sem \u00fe\u00fa finnur \u00e1 5 stj\u00f6rnu h\u00f3telum um allan heim og n\u00fa er \u00fea\u00f0 f\u00e1anlegt h\u00e9r \u00e1 \u00cdslandi.<\/p>\n","protected":false},"excerpt":{"rendered":"<p>&nbsp;<\/p>\n<p><strong>St\u00e6r\u00f0: <\/strong><span style=\"font-weight: 400;\">140\u00d7200, 55\u00d775<\/span><\/p>\n<p><strong>Efni: <\/strong><span style=\"font-weight: 400;\">80% b\u00f3mull 20% p\u00f3lyester<\/span><\/p>\n<p><strong>\u00der\u00e1\u00f0afj\u00f6ldi: <\/strong><span style=\"font-weight: 400;\">400 TC<\/span><\/p>\n<p><strong>Litur: <\/strong><span style=\"font-weight: 400;\">Hv\u00edtur<\/span><\/p>\n<p><strong>Mynstur: <\/strong><span style=\"font-weight: 400;\">L\u00e1<\/span><span style=\"font-size: 16px; font-style: normal; font-weight: 400;\">laus<\/span><span style=\"font-size: 16px; font-weight: 400;\">t<\/span><\/p>\n","protected":false},"featured_media":1802,"template":"","meta":{"_acf_changed":false,"_uf_show_specific_survey":0,"_uf_disable_surveys":false,"site-sidebar-layout":"default","site-content-layout":"","ast-site-content-layout":"default","site-content-style":"default","site-sidebar-style":"default","ast-global-header-display":"","ast-banner-title-visibility":"","ast-main-header-display":"","ast-hfb-above-header-display":"","ast-hfb-below-header-display":"","ast-hfb-mobile-header-display":"","site-post-title":"","ast-breadcrumbs-content":"","ast-featured-img":"","footer-sml-layout":"","theme-transparent-header-meta":"default","adv-header-id-meta":"","stick-header-meta":"","header-above-stick-meta":"","header-main-stick-meta":"","header-below-stick-meta":"","astra-migrate-meta-layouts":"set","ast-page-background-enabled":"default","ast-page-background-meta":{"desktop":{"background-color":"var(--ast-global-color-4)","background-image":"","background-repeat":"repeat","background-position":"center center","background-size":"auto","background-attachment":"scroll","background-type":"","background-media":"","overlay-type":"","overlay-color":"","overlay-gradient":""},"tablet":{"background-color":"","background-image":"","background-repeat":"repeat","background-position":"center center","background-size":"auto","background-attachment":"scroll","background-type":"","background-media":"","overlay-type":"","overlay-color":"","overlay-gradient":""},"mobile":{"background-color":"","background-image":"","background-repeat":"repeat","background-position":"center center","background-size":"auto","background-attachment":"scroll","background-type":"","background-media":"","overlay-type":"","overlay-color":"","overlay-gradient":""}},"ast-content-background-meta":{"desktop":{"background-color":"var(--ast-global-color-5)","background-image":"","background-repeat":"repeat","background-position":"center center","background-size":"auto","background-attachment":"scroll","background-type":"","background-media":"","overlay-type":"","overlay-color":"","overlay-gradient":""},"tablet":{"background-color":"var(--ast-global-color-5)","background-image":"","background-repeat":"repeat","background-position":"center center","background-size":"auto","background-attachment":"scroll","background-type":"","background-media":"","overlay-type":"","overlay-color":"","overlay-gradient":""},"mobile":{"background-color":"var(--ast-global-color-5)","background-image":"","background-repeat":"repeat","background-position":"center center","background-size":"auto","background-attachment":"scroll","background-type":"","background-media":"","overlay-type":"","overlay-color":"","overlay-gradient":""}}},"product_cat":[159,67,88],"product_tag":[122,123,124],"acf":[],"yoast_head":"<!-- This site is optimized with the Yoast SEO plugin v22.6 - https:\/\/yoast.com\/wordpress\/plugins\/seo\/ -->\n<title>Gr\u00edmsey R\u00famfatasett - lotel.is<\/title>\n<meta name=\"robots\" content=\"index, follow, max-snippet:-1, max-image-preview:large, max-video-preview:-1\" \/>\n<link rel=\"canonical\" href=\"https:\/\/lotel.is\/is\/product\/saengurver-grimsey\/\" \/>\n<meta property=\"og:locale\" content=\"is_IS\" \/>\n<meta property=\"og:type\" content=\"article\" \/>\n<meta property=\"og:title\" content=\"Gr\u00edmsey R\u00famfatasett - lotel.is\" \/>\n<meta property=\"og:description\" content=\"&nbsp;  St\u00e6r\u00f0: 140\u00d7200, 55\u00d775  Efni: 80% b\u00f3mull 20% p\u00f3lyester  \u00der\u00e1\u00f0afj\u00f6ldi: 400 TC  Litur: Hv\u00edtur  Mynstur: L\u00e1laust\" \/>\n<meta property=\"og:url\" content=\"https:\/\/lotel.is\/is\/product\/saengurver-grimsey\/\" \/>\n<meta property=\"og:site_name\" content=\"lotel.is\" \/>\n<meta property=\"article:modified_time\" content=\"2024-12-06T15:53:35+00:00\" \/>\n<meta property=\"og:image\" content=\"https:\/\/lotel.is\/wp-content\/uploads\/2023\/12\/STU07047-2-scaled.jpg\" \/>\n\t<meta property=\"og:image:width\" content=\"2560\" \/>\n\t<meta property=\"og:image:height\" content=\"1707\" \/>\n\t<meta property=\"og:image:type\" content=\"image\/jpeg\" \/>\n<meta name=\"twitter:card\" content=\"summary_large_image\" \/>\n<meta name=\"twitter:label1\" content=\"Est. reading time\" \/>\n\t<meta name=\"twitter:data1\" content=\"1 minute\" \/>\n<script type=\"application\/ld+json\" class=\"yoast-schema-graph\">{\"@context\":\"https:\/\/schema.org\",\"@graph\":[{\"@type\":\"WebPage\",\"@id\":\"https:\/\/lotel.is\/product\/saengurver-grimsey\/\",\"url\":\"https:\/\/lotel.is\/product\/saengurver-grimsey\/\",\"name\":\"Gr\u00edmsey R\u00famfatasett - lotel.is\",\"isPartOf\":{\"@id\":\"https:\/\/lotel.is\/#website\"},\"primaryImageOfPage\":{\"@id\":\"https:\/\/lotel.is\/product\/saengurver-grimsey\/#primaryimage\"},\"image\":{\"@id\":\"https:\/\/lotel.is\/product\/saengurver-grimsey\/#primaryimage\"},\"thumbnailUrl\":\"https:\/\/lotel.is\/wp-content\/uploads\/2023\/12\/STU07047-2-scaled.jpg\",\"datePublished\":\"2023-12-31T05:58:09+00:00\",\"dateModified\":\"2024-12-06T15:53:35+00:00\",\"breadcrumb\":{\"@id\":\"https:\/\/lotel.is\/product\/saengurver-grimsey\/#breadcrumb\"},\"inLanguage\":\"is\",\"potentialAction\":[{\"@type\":\"ReadAction\",\"target\":[\"https:\/\/lotel.is\/product\/saengurver-grimsey\/\"]}]},{\"@type\":\"ImageObject\",\"inLanguage\":\"is\",\"@id\":\"https:\/\/lotel.is\/product\/saengurver-grimsey\/#primaryimage\",\"url\":\"https:\/\/lotel.is\/wp-content\/uploads\/2023\/12\/STU07047-2-scaled.jpg\",\"contentUrl\":\"https:\/\/lotel.is\/wp-content\/uploads\/2023\/12\/STU07047-2-scaled.jpg\",\"width\":2560,\"height\":1707},{\"@type\":\"BreadcrumbList\",\"@id\":\"https:\/\/lotel.is\/product\/saengurver-grimsey\/#breadcrumb\",\"itemListElement\":[{\"@type\":\"ListItem\",\"position\":1,\"name\":\"Strona g\u0142\u00f3wna\",\"item\":\"https:\/\/lotel.is\/\"},{\"@type\":\"ListItem\",\"position\":2,\"name\":\"Versla\",\"item\":\"https:\/\/lotel.is\/verslun\/\"},{\"@type\":\"ListItem\",\"position\":3,\"name\":\"Gr\u00edmsey R\u00famfatasett\"}]},{\"@type\":\"WebSite\",\"@id\":\"https:\/\/lotel.is\/#website\",\"url\":\"https:\/\/lotel.is\/\",\"name\":\"lotel.is\",\"description\":\"lotel.is\",\"publisher\":{\"@id\":\"https:\/\/lotel.is\/#organization\"},\"potentialAction\":[{\"@type\":\"SearchAction\",\"target\":{\"@type\":\"EntryPoint\",\"urlTemplate\":\"https:\/\/lotel.is\/?s={search_term_string}\"},\"query-input\":\"required name=search_term_string\"}],\"inLanguage\":\"is\"},{\"@type\":\"Organization\",\"@id\":\"https:\/\/lotel.is\/#organization\",\"name\":\"lotel.is\",\"url\":\"https:\/\/lotel.is\/\",\"logo\":{\"@type\":\"ImageObject\",\"inLanguage\":\"is\",\"@id\":\"https:\/\/lotel.is\/#\/schema\/logo\/image\/\",\"url\":\"https:\/\/lotel.is\/wp-content\/uploads\/2023\/12\/cropped-Lotel_i_lit_1-2.png\",\"contentUrl\":\"https:\/\/lotel.is\/wp-content\/uploads\/2023\/12\/cropped-Lotel_i_lit_1-2.png\",\"width\":638,\"height\":227,\"caption\":\"lotel.is\"},\"image\":{\"@id\":\"https:\/\/lotel.is\/#\/schema\/logo\/image\/\"}}]}<\/script>\n<!-- \/ Yoast SEO plugin. -->","yoast_head_json":{"title":"Gr\u00edmsey R\u00famfatasett - lotel.is","robots":{"index":"index","follow":"follow","max-snippet":"max-snippet:-1","max-image-preview":"max-image-preview:large","max-video-preview":"max-video-preview:-1"},"canonical":"https:\/\/lotel.is\/is\/product\/saengurver-grimsey\/","og_locale":"is_IS","og_type":"article","og_title":"Gr\u00edmsey R\u00famfatasett - lotel.is","og_description":"&nbsp;  St\u00e6r\u00f0: 140\u00d7200, 55\u00d775  Efni: 80% b\u00f3mull 20% p\u00f3lyester  \u00der\u00e1\u00f0afj\u00f6ldi: 400 TC  Litur: Hv\u00edtur  Mynstur: L\u00e1laust","og_url":"https:\/\/lotel.is\/is\/product\/saengurver-grimsey\/","og_site_name":"lotel.is","article_modified_time":"2024-12-06T15:53:35+00:00","og_image":[{"width":2560,"height":1707,"url":"https:\/\/lotel.is\/wp-content\/uploads\/2023\/12\/STU07047-2-scaled.jpg","type":"image\/jpeg"}],"twitter_card":"summary_large_image","twitter_misc":{"Est. reading time":"1 minute"},"schema":{"@context":"https:\/\/schema.org","@graph":[{"@type":"WebPage","@id":"https:\/\/lotel.is\/product\/saengurver-grimsey\/","url":"https:\/\/lotel.is\/product\/saengurver-grimsey\/","name":"Gr\u00edmsey R\u00famfatasett - lotel.is","isPartOf":{"@id":"https:\/\/lotel.is\/#website"},"primaryImageOfPage":{"@id":"https:\/\/lotel.is\/product\/saengurver-grimsey\/#primaryimage"},"image":{"@id":"https:\/\/lotel.is\/product\/saengurver-grimsey\/#primaryimage"},"thumbnailUrl":"https:\/\/lotel.is\/wp-content\/uploads\/2023\/12\/STU07047-2-scaled.jpg","datePublished":"2023-12-31T05:58:09+00:00","dateModified":"2024-12-06T15:53:35+00:00","breadcrumb":{"@id":"https:\/\/lotel.is\/product\/saengurver-grimsey\/#breadcrumb"},"inLanguage":"is","potentialAction":[{"@type":"ReadAction","target":["https:\/\/lotel.is\/product\/saengurver-grimsey\/"]}]},{"@type":"ImageObject","inLanguage":"is","@id":"https:\/\/lotel.is\/product\/saengurver-grimsey\/#primaryimage","url":"https:\/\/lotel.is\/wp-content\/uploads\/2023\/12\/STU07047-2-scaled.jpg","contentUrl":"https:\/\/lotel.is\/wp-content\/uploads\/2023\/12\/STU07047-2-scaled.jpg","width":2560,"height":1707},{"@type":"BreadcrumbList","@id":"https:\/\/lotel.is\/product\/saengurver-grimsey\/#breadcrumb","itemListElement":[{"@type":"ListItem","position":1,"name":"Strona g\u0142\u00f3wna","item":"https:\/\/lotel.is\/"},{"@type":"ListItem","position":2,"name":"Versla","item":"https:\/\/lotel.is\/verslun\/"},{"@type":"ListItem","position":3,"name":"Gr\u00edmsey R\u00famfatasett"}]},{"@type":"WebSite","@id":"https:\/\/lotel.is\/#website","url":"https:\/\/lotel.is\/","name":"lotel.is","description":"lotel.is","publisher":{"@id":"https:\/\/lotel.is\/#organization"},"potentialAction":[{"@type":"SearchAction","target":{"@type":"EntryPoint","urlTemplate":"https:\/\/lotel.is\/?s={search_term_string}"},"query-input":"required name=search_term_string"}],"inLanguage":"is"},{"@type":"Organization","@id":"https:\/\/lotel.is\/#organization","name":"lotel.is","url":"https:\/\/lotel.is\/","logo":{"@type":"ImageObject","inLanguage":"is","@id":"https:\/\/lotel.is\/#\/schema\/logo\/image\/","url":"https:\/\/lotel.is\/wp-content\/uploads\/2023\/12\/cropped-Lotel_i_lit_1-2.png","contentUrl":"https:\/\/lotel.is\/wp-content\/uploads\/2023\/12\/cropped-Lotel_i_lit_1-2.png","width":638,"height":227,"caption":"lotel.is"},"image":{"@id":"https:\/\/lotel.is\/#\/schema\/logo\/image\/"}}]}},"_links":{"self":[{"href":"https:\/\/lotel.is\/is\/wp-json\/wp\/v2\/product\/674"}],"collection":[{"href":"https:\/\/lotel.is\/is\/wp-json\/wp\/v2\/product"}],"about":[{"href":"https:\/\/lotel.is\/is\/wp-json\/wp\/v2\/types\/product"}],"wp:featuredmedia":[{"embeddable":true,"href":"https:\/\/lotel.is\/is\/wp-json\/wp\/v2\/media\/1802"}],"wp:attachment":[{"href":"https:\/\/lotel.is\/is\/wp-json\/wp\/v2\/media?parent=674"}],"wp:term":[{"taxonomy":"product_cat","embeddable":true,"href":"https:\/\/lotel.is\/is\/wp-json\/wp\/v2\/product_cat?post=674"},{"taxonomy":"product_tag","embeddable":true,"href":"https:\/\/lotel.is\/is\/wp-json\/wp\/v2\/product_tag?post=674"}],"curies":[{"name":"wp","href":"https:\/\/api.w.org\/{rel}","templated":true}]}}