{"id":678,"date":"2023-12-31T07:15:21","date_gmt":"2023-12-31T06:15:21","guid":{"rendered":"https:\/\/lotel.is\/?post_type=product&#038;p=678"},"modified":"2024-05-10T13:38:01","modified_gmt":"2024-05-10T11:38:01","slug":"saengurver-flatey","status":"publish","type":"product","link":"https:\/\/lotel.is\/is\/product\/saengurver-flatey\/","title":{"rendered":"Flatey R\u00famfatasett"},"content":{"rendered":"<p>Vi\u00f0 kynnum Flatey r\u00famf\u00f6tin, t\u00edmalausri klass\u00edk \u00e1 \u00edslenskum marka\u00f0i sem n\u00fa f\u00e1st \u00ed n\u00fdrri, hagkv\u00e6mari \u00fatg\u00e1fu. \u00deessi l\u00edna er h\u00f6nnu\u00f0 til a\u00f0 auka upplifun \u00e1 h\u00f3telinu \u00fe\u00ednu, gistiheimili e\u00f0a Airbnb \u00e1n \u00feess a\u00f0 \u00ferengja a\u00f0 buddunni \u00feinni. Flatey r\u00famf\u00f6tin, sem eru endingarg\u00f3\u00f0 og vi\u00f0haldsl\u00edtil, \u00fatiloka \u00fe\u00f6rfina fyrir a\u00f0 strauja ef \u00fe\u00fa vilt hafa hlutina einfalda. B\u00e6ttu r\u00fdmi\u00f0 me\u00f0 \u00feessum f\u00e1ga\u00f0a og hagkv\u00e6ma r\u00famfatna\u00f0i.<\/p>\n","protected":false},"excerpt":{"rendered":"<p><strong>St\u00e6r\u00f0: <\/strong><span style=\"font-weight: 400;\">140\u00d7200, 55&#215;75<\/span><\/p>\n<p><strong>Efni: <\/strong><span style=\"font-weight: 400;\">50% b\u00f3mull 50% p\u00f3l\u00fdester<\/span><\/p>\n<p><strong>\u00der\u00e1\u00f0afj\u00f6ldi: <\/strong><span style=\"font-weight: 400;\">240 TC<\/span><\/p>\n<p><strong>Litur: <\/strong><span style=\"font-weight: 400;\">hv\u00edtur<\/span><\/p>\n<p><strong>Mynstur: <\/strong><span style=\"font-weight: 400;\">Str\u00edpur<\/span><\/p>\n","protected":false},"featured_media":1358,"template":"","meta":{"_acf_changed":false,"_uf_show_specific_survey":0,"_uf_disable_surveys":false,"site-sidebar-layout":"default","site-content-layout":"","ast-site-content-layout":"default","site-content-style":"default","site-sidebar-style":"default","ast-global-header-display":"","ast-banner-title-visibility":"","ast-main-header-display":"","ast-hfb-above-header-display":"","ast-hfb-below-header-display":"","ast-hfb-mobile-header-display":"","site-post-title":"","ast-breadcrumbs-content":"","ast-featured-img":"","footer-sml-layout":"","theme-transparent-header-meta":"default","adv-header-id-meta":"","stick-header-meta":"","header-above-stick-meta":"","header-main-stick-meta":"","header-below-stick-meta":"","astra-migrate-meta-layouts":"set","ast-page-background-enabled":"default","ast-page-background-meta":{"desktop":{"background-color":"var(--ast-global-color-4)","background-image":"","background-repeat":"repeat","background-position":"center center","background-size":"auto","background-attachment":"scroll","background-type":"","background-media":"","overlay-type":"","overlay-color":"","overlay-gradient":""},"tablet":{"background-color":"","background-image":"","background-repeat":"repeat","background-position":"center center","background-size":"auto","background-attachment":"scroll","background-type":"","background-media":"","overlay-type":"","overlay-color":"","overlay-gradient":""},"mobile":{"background-color":"","background-image":"","background-repeat":"repeat","background-position":"center center","background-size":"auto","background-attachment":"scroll","background-type":"","background-media":"","overlay-type":"","overlay-color":"","overlay-gradient":""}},"ast-content-background-meta":{"desktop":{"background-color":"var(--ast-global-color-5)","background-image":"","background-repeat":"repeat","background-position":"center center","background-size":"auto","background-attachment":"scroll","background-type":"","background-media":"","overlay-type":"","overlay-color":"","overlay-gradient":""},"tablet":{"background-color":"var(--ast-global-color-5)","background-image":"","background-repeat":"repeat","background-position":"center center","background-size":"auto","background-attachment":"scroll","background-type":"","background-media":"","overlay-type":"","overlay-color":"","overlay-gradient":""},"mobile":{"background-color":"var(--ast-global-color-5)","background-image":"","background-repeat":"repeat","background-position":"center center","background-size":"auto","background-attachment":"scroll","background-type":"","background-media":"","overlay-type":"","overlay-color":"","overlay-gradient":""}}},"product_cat":[67,88],"product_tag":[],"acf":[],"yoast_head":"<!-- This site is optimized with the Yoast SEO plugin v22.6 - https:\/\/yoast.com\/wordpress\/plugins\/seo\/ -->\n<title>Flatey R\u00famfatasett - lotel.is<\/title>\n<meta name=\"robots\" content=\"index, follow, max-snippet:-1, max-image-preview:large, max-video-preview:-1\" \/>\n<link rel=\"canonical\" href=\"https:\/\/lotel.is\/is\/product\/saengurver-flatey\/\" \/>\n<meta property=\"og:locale\" content=\"is_IS\" \/>\n<meta property=\"og:type\" content=\"article\" \/>\n<meta property=\"og:title\" content=\"Flatey R\u00famfatasett - lotel.is\" \/>\n<meta property=\"og:description\" content=\"St\u00e6r\u00f0: 140\u00d7200, 55x75  Efni: 50% b\u00f3mull 50% p\u00f3l\u00fdester  \u00der\u00e1\u00f0afj\u00f6ldi: 240 TC  Litur: hv\u00edtur  Mynstur: Str\u00edpur\" \/>\n<meta property=\"og:url\" content=\"https:\/\/lotel.is\/is\/product\/saengurver-flatey\/\" \/>\n<meta property=\"og:site_name\" content=\"lotel.is\" \/>\n<meta property=\"article:modified_time\" content=\"2024-05-10T11:38:01+00:00\" \/>\n<meta property=\"og:image\" content=\"https:\/\/lotel.is\/wp-content\/uploads\/2023\/12\/DSC01641-1-scaled.jpg\" \/>\n\t<meta property=\"og:image:width\" content=\"2560\" \/>\n\t<meta property=\"og:image:height\" content=\"1707\" \/>\n\t<meta property=\"og:image:type\" content=\"image\/jpeg\" \/>\n<meta name=\"twitter:card\" content=\"summary_large_image\" \/>\n<meta name=\"twitter:label1\" content=\"Est. reading time\" \/>\n\t<meta name=\"twitter:data1\" content=\"1 minute\" \/>\n<script type=\"application\/ld+json\" class=\"yoast-schema-graph\">{\"@context\":\"https:\/\/schema.org\",\"@graph\":[{\"@type\":\"WebPage\",\"@id\":\"https:\/\/lotel.is\/product\/saengurver-flatey\/\",\"url\":\"https:\/\/lotel.is\/product\/saengurver-flatey\/\",\"name\":\"Flatey R\u00famfatasett - lotel.is\",\"isPartOf\":{\"@id\":\"https:\/\/lotel.is\/#website\"},\"primaryImageOfPage\":{\"@id\":\"https:\/\/lotel.is\/product\/saengurver-flatey\/#primaryimage\"},\"image\":{\"@id\":\"https:\/\/lotel.is\/product\/saengurver-flatey\/#primaryimage\"},\"thumbnailUrl\":\"https:\/\/lotel.is\/wp-content\/uploads\/2023\/12\/DSC01641-1-scaled.jpg\",\"datePublished\":\"2023-12-31T06:15:21+00:00\",\"dateModified\":\"2024-05-10T11:38:01+00:00\",\"breadcrumb\":{\"@id\":\"https:\/\/lotel.is\/product\/saengurver-flatey\/#breadcrumb\"},\"inLanguage\":\"is\",\"potentialAction\":[{\"@type\":\"ReadAction\",\"target\":[\"https:\/\/lotel.is\/product\/saengurver-flatey\/\"]}]},{\"@type\":\"ImageObject\",\"inLanguage\":\"is\",\"@id\":\"https:\/\/lotel.is\/product\/saengurver-flatey\/#primaryimage\",\"url\":\"https:\/\/lotel.is\/wp-content\/uploads\/2023\/12\/DSC01641-1-scaled.jpg\",\"contentUrl\":\"https:\/\/lotel.is\/wp-content\/uploads\/2023\/12\/DSC01641-1-scaled.jpg\",\"width\":2560,\"height\":1707},{\"@type\":\"BreadcrumbList\",\"@id\":\"https:\/\/lotel.is\/product\/saengurver-flatey\/#breadcrumb\",\"itemListElement\":[{\"@type\":\"ListItem\",\"position\":1,\"name\":\"Strona g\u0142\u00f3wna\",\"item\":\"https:\/\/lotel.is\/\"},{\"@type\":\"ListItem\",\"position\":2,\"name\":\"Versla\",\"item\":\"https:\/\/lotel.is\/verslun\/\"},{\"@type\":\"ListItem\",\"position\":3,\"name\":\"Flatey R\u00famfatasett\"}]},{\"@type\":\"WebSite\",\"@id\":\"https:\/\/lotel.is\/#website\",\"url\":\"https:\/\/lotel.is\/\",\"name\":\"lotel.is\",\"description\":\"lotel.is\",\"publisher\":{\"@id\":\"https:\/\/lotel.is\/#organization\"},\"potentialAction\":[{\"@type\":\"SearchAction\",\"target\":{\"@type\":\"EntryPoint\",\"urlTemplate\":\"https:\/\/lotel.is\/?s={search_term_string}\"},\"query-input\":\"required name=search_term_string\"}],\"inLanguage\":\"is\"},{\"@type\":\"Organization\",\"@id\":\"https:\/\/lotel.is\/#organization\",\"name\":\"lotel.is\",\"url\":\"https:\/\/lotel.is\/\",\"logo\":{\"@type\":\"ImageObject\",\"inLanguage\":\"is\",\"@id\":\"https:\/\/lotel.is\/#\/schema\/logo\/image\/\",\"url\":\"https:\/\/lotel.is\/wp-content\/uploads\/2023\/12\/cropped-Lotel_i_lit_1-2.png\",\"contentUrl\":\"https:\/\/lotel.is\/wp-content\/uploads\/2023\/12\/cropped-Lotel_i_lit_1-2.png\",\"width\":638,\"height\":227,\"caption\":\"lotel.is\"},\"image\":{\"@id\":\"https:\/\/lotel.is\/#\/schema\/logo\/image\/\"}}]}<\/script>\n<!-- \/ Yoast SEO plugin. -->","yoast_head_json":{"title":"Flatey R\u00famfatasett - lotel.is","robots":{"index":"index","follow":"follow","max-snippet":"max-snippet:-1","max-image-preview":"max-image-preview:large","max-video-preview":"max-video-preview:-1"},"canonical":"https:\/\/lotel.is\/is\/product\/saengurver-flatey\/","og_locale":"is_IS","og_type":"article","og_title":"Flatey R\u00famfatasett - lotel.is","og_description":"St\u00e6r\u00f0: 140\u00d7200, 55x75  Efni: 50% b\u00f3mull 50% p\u00f3l\u00fdester  \u00der\u00e1\u00f0afj\u00f6ldi: 240 TC  Litur: hv\u00edtur  Mynstur: Str\u00edpur","og_url":"https:\/\/lotel.is\/is\/product\/saengurver-flatey\/","og_site_name":"lotel.is","article_modified_time":"2024-05-10T11:38:01+00:00","og_image":[{"width":2560,"height":1707,"url":"https:\/\/lotel.is\/wp-content\/uploads\/2023\/12\/DSC01641-1-scaled.jpg","type":"image\/jpeg"}],"twitter_card":"summary_large_image","twitter_misc":{"Est. reading time":"1 minute"},"schema":{"@context":"https:\/\/schema.org","@graph":[{"@type":"WebPage","@id":"https:\/\/lotel.is\/product\/saengurver-flatey\/","url":"https:\/\/lotel.is\/product\/saengurver-flatey\/","name":"Flatey R\u00famfatasett - lotel.is","isPartOf":{"@id":"https:\/\/lotel.is\/#website"},"primaryImageOfPage":{"@id":"https:\/\/lotel.is\/product\/saengurver-flatey\/#primaryimage"},"image":{"@id":"https:\/\/lotel.is\/product\/saengurver-flatey\/#primaryimage"},"thumbnailUrl":"https:\/\/lotel.is\/wp-content\/uploads\/2023\/12\/DSC01641-1-scaled.jpg","datePublished":"2023-12-31T06:15:21+00:00","dateModified":"2024-05-10T11:38:01+00:00","breadcrumb":{"@id":"https:\/\/lotel.is\/product\/saengurver-flatey\/#breadcrumb"},"inLanguage":"is","potentialAction":[{"@type":"ReadAction","target":["https:\/\/lotel.is\/product\/saengurver-flatey\/"]}]},{"@type":"ImageObject","inLanguage":"is","@id":"https:\/\/lotel.is\/product\/saengurver-flatey\/#primaryimage","url":"https:\/\/lotel.is\/wp-content\/uploads\/2023\/12\/DSC01641-1-scaled.jpg","contentUrl":"https:\/\/lotel.is\/wp-content\/uploads\/2023\/12\/DSC01641-1-scaled.jpg","width":2560,"height":1707},{"@type":"BreadcrumbList","@id":"https:\/\/lotel.is\/product\/saengurver-flatey\/#breadcrumb","itemListElement":[{"@type":"ListItem","position":1,"name":"Strona g\u0142\u00f3wna","item":"https:\/\/lotel.is\/"},{"@type":"ListItem","position":2,"name":"Versla","item":"https:\/\/lotel.is\/verslun\/"},{"@type":"ListItem","position":3,"name":"Flatey R\u00famfatasett"}]},{"@type":"WebSite","@id":"https:\/\/lotel.is\/#website","url":"https:\/\/lotel.is\/","name":"lotel.is","description":"lotel.is","publisher":{"@id":"https:\/\/lotel.is\/#organization"},"potentialAction":[{"@type":"SearchAction","target":{"@type":"EntryPoint","urlTemplate":"https:\/\/lotel.is\/?s={search_term_string}"},"query-input":"required name=search_term_string"}],"inLanguage":"is"},{"@type":"Organization","@id":"https:\/\/lotel.is\/#organization","name":"lotel.is","url":"https:\/\/lotel.is\/","logo":{"@type":"ImageObject","inLanguage":"is","@id":"https:\/\/lotel.is\/#\/schema\/logo\/image\/","url":"https:\/\/lotel.is\/wp-content\/uploads\/2023\/12\/cropped-Lotel_i_lit_1-2.png","contentUrl":"https:\/\/lotel.is\/wp-content\/uploads\/2023\/12\/cropped-Lotel_i_lit_1-2.png","width":638,"height":227,"caption":"lotel.is"},"image":{"@id":"https:\/\/lotel.is\/#\/schema\/logo\/image\/"}}]}},"_links":{"self":[{"href":"https:\/\/lotel.is\/is\/wp-json\/wp\/v2\/product\/678"}],"collection":[{"href":"https:\/\/lotel.is\/is\/wp-json\/wp\/v2\/product"}],"about":[{"href":"https:\/\/lotel.is\/is\/wp-json\/wp\/v2\/types\/product"}],"wp:featuredmedia":[{"embeddable":true,"href":"https:\/\/lotel.is\/is\/wp-json\/wp\/v2\/media\/1358"}],"wp:attachment":[{"href":"https:\/\/lotel.is\/is\/wp-json\/wp\/v2\/media?parent=678"}],"wp:term":[{"taxonomy":"product_cat","embeddable":true,"href":"https:\/\/lotel.is\/is\/wp-json\/wp\/v2\/product_cat?post=678"},{"taxonomy":"product_tag","embeddable":true,"href":"https:\/\/lotel.is\/is\/wp-json\/wp\/v2\/product_tag?post=678"}],"curies":[{"name":"wp","href":"https:\/\/api.w.org\/{rel}","templated":true}]}}