{"id":702,"date":"2023-12-31T08:17:20","date_gmt":"2023-12-31T07:17:20","guid":{"rendered":"https:\/\/lotel.is\/?post_type=product&#038;p=702"},"modified":"2024-12-06T17:48:10","modified_gmt":"2024-12-06T17:48:10","slug":"itolsk-kaffihylki","status":"publish","type":"product","link":"https:\/\/lotel.is\/is\/product\/itolsk-kaffihylki\/","title":{"rendered":"Cellini- \u00cdt\u00f6lsk kaffihylki"},"content":{"rendered":"<p>\u00deessi kaffihylki, sem eru framleidd \u00e1 \u00cdtal\u00edu, munu fulln\u00e6gja g\u00f3mi allra me\u00f0 miklu \u00farvali, allt fr\u00e1 mildum til sterkum styrkleika og innihalda s\u00fakkula\u00f0i-, hnetu- e\u00f0a \u00e1vaxtabrag\u00f0i &#8211; og fleira. \u00dea\u00f0 sem er mikilv\u00e6gt &#8211; \u00fe\u00e6r eru samh\u00e6f\u00f0ar vi\u00f0 Nespresso v\u00e9lar og gefa \u00feetta gl\u00e6silega, f\u00e1ga\u00f0a \u00fatlit \u00fe\u00f6kk s\u00e9 h\u00f6nnun \u00feeirra og umb\u00fa\u00f0um.<\/p>\n","protected":false},"excerpt":{"rendered":"<p>&nbsp;<\/p>\n<p><strong>Framlei\u00f0sla: <\/strong>\u00cdtal\u00edu<\/p>\n<p><strong>Styrkur: <\/strong>4-13<\/p>\n","protected":false},"featured_media":1543,"template":"","meta":{"_acf_changed":false,"_uf_show_specific_survey":0,"_uf_disable_surveys":false,"site-sidebar-layout":"default","site-content-layout":"","ast-site-content-layout":"default","site-content-style":"default","site-sidebar-style":"default","ast-global-header-display":"","ast-banner-title-visibility":"","ast-main-header-display":"","ast-hfb-above-header-display":"","ast-hfb-below-header-display":"","ast-hfb-mobile-header-display":"","site-post-title":"","ast-breadcrumbs-content":"","ast-featured-img":"","footer-sml-layout":"","theme-transparent-header-meta":"default","adv-header-id-meta":"","stick-header-meta":"","header-above-stick-meta":"","header-main-stick-meta":"","header-below-stick-meta":"","astra-migrate-meta-layouts":"set","ast-page-background-enabled":"default","ast-page-background-meta":{"desktop":{"background-color":"var(--ast-global-color-4)","background-image":"","background-repeat":"repeat","background-position":"center center","background-size":"auto","background-attachment":"scroll","background-type":"","background-media":"","overlay-type":"","overlay-color":"","overlay-gradient":""},"tablet":{"background-color":"","background-image":"","background-repeat":"repeat","background-position":"center center","background-size":"auto","background-attachment":"scroll","background-type":"","background-media":"","overlay-type":"","overlay-color":"","overlay-gradient":""},"mobile":{"background-color":"","background-image":"","background-repeat":"repeat","background-position":"center center","background-size":"auto","background-attachment":"scroll","background-type":"","background-media":"","overlay-type":"","overlay-color":"","overlay-gradient":""}},"ast-content-background-meta":{"desktop":{"background-color":"var(--ast-global-color-5)","background-image":"","background-repeat":"repeat","background-position":"center center","background-size":"auto","background-attachment":"scroll","background-type":"","background-media":"","overlay-type":"","overlay-color":"","overlay-gradient":""},"tablet":{"background-color":"var(--ast-global-color-5)","background-image":"","background-repeat":"repeat","background-position":"center center","background-size":"auto","background-attachment":"scroll","background-type":"","background-media":"","overlay-type":"","overlay-color":"","overlay-gradient":""},"mobile":{"background-color":"var(--ast-global-color-5)","background-image":"","background-repeat":"repeat","background-position":"center center","background-size":"auto","background-attachment":"scroll","background-type":"","background-media":"","overlay-type":"","overlay-color":"","overlay-gradient":""}}},"product_cat":[98,101],"product_tag":[],"acf":[],"yoast_head":"<!-- This site is optimized with the Yoast SEO plugin v22.6 - https:\/\/yoast.com\/wordpress\/plugins\/seo\/ -->\n<title>Cellini- \u00cdt\u00f6lsk kaffihylki - lotel.is<\/title>\n<meta name=\"robots\" content=\"index, follow, max-snippet:-1, max-image-preview:large, max-video-preview:-1\" \/>\n<link rel=\"canonical\" href=\"https:\/\/lotel.is\/is\/product\/itolsk-kaffihylki\/\" \/>\n<meta property=\"og:locale\" content=\"is_IS\" \/>\n<meta property=\"og:type\" content=\"article\" \/>\n<meta property=\"og:title\" content=\"Cellini- \u00cdt\u00f6lsk kaffihylki - lotel.is\" \/>\n<meta property=\"og:description\" content=\"&nbsp;  Framlei\u00f0sla: \u00cdtal\u00edu  Styrkur: 4-13\" \/>\n<meta property=\"og:url\" content=\"https:\/\/lotel.is\/is\/product\/itolsk-kaffihylki\/\" \/>\n<meta property=\"og:site_name\" content=\"lotel.is\" \/>\n<meta property=\"article:modified_time\" content=\"2024-12-06T17:48:10+00:00\" \/>\n<meta property=\"og:image\" content=\"https:\/\/lotel.is\/wp-content\/uploads\/2023\/12\/20230522-CELLINI3460-1-1-1024x1024.png\" \/>\n\t<meta property=\"og:image:width\" content=\"1024\" \/>\n\t<meta property=\"og:image:height\" content=\"1024\" \/>\n\t<meta property=\"og:image:type\" content=\"image\/png\" \/>\n<meta name=\"twitter:card\" content=\"summary_large_image\" \/>\n<meta name=\"twitter:label1\" content=\"Est. reading time\" \/>\n\t<meta name=\"twitter:data1\" content=\"1 minute\" \/>\n<script type=\"application\/ld+json\" class=\"yoast-schema-graph\">{\"@context\":\"https:\/\/schema.org\",\"@graph\":[{\"@type\":\"WebPage\",\"@id\":\"https:\/\/lotel.is\/product\/itolsk-kaffihylki\/\",\"url\":\"https:\/\/lotel.is\/product\/itolsk-kaffihylki\/\",\"name\":\"Cellini- \u00cdt\u00f6lsk kaffihylki - lotel.is\",\"isPartOf\":{\"@id\":\"https:\/\/lotel.is\/#website\"},\"primaryImageOfPage\":{\"@id\":\"https:\/\/lotel.is\/product\/itolsk-kaffihylki\/#primaryimage\"},\"image\":{\"@id\":\"https:\/\/lotel.is\/product\/itolsk-kaffihylki\/#primaryimage\"},\"thumbnailUrl\":\"https:\/\/lotel.is\/wp-content\/uploads\/2023\/12\/20230522-CELLINI3460-1-1.png\",\"datePublished\":\"2023-12-31T07:17:20+00:00\",\"dateModified\":\"2024-12-06T17:48:10+00:00\",\"breadcrumb\":{\"@id\":\"https:\/\/lotel.is\/product\/itolsk-kaffihylki\/#breadcrumb\"},\"inLanguage\":\"is\",\"potentialAction\":[{\"@type\":\"ReadAction\",\"target\":[\"https:\/\/lotel.is\/product\/itolsk-kaffihylki\/\"]}]},{\"@type\":\"ImageObject\",\"inLanguage\":\"is\",\"@id\":\"https:\/\/lotel.is\/product\/itolsk-kaffihylki\/#primaryimage\",\"url\":\"https:\/\/lotel.is\/wp-content\/uploads\/2023\/12\/20230522-CELLINI3460-1-1.png\",\"contentUrl\":\"https:\/\/lotel.is\/wp-content\/uploads\/2023\/12\/20230522-CELLINI3460-1-1.png\",\"width\":5302,\"height\":5302},{\"@type\":\"BreadcrumbList\",\"@id\":\"https:\/\/lotel.is\/product\/itolsk-kaffihylki\/#breadcrumb\",\"itemListElement\":[{\"@type\":\"ListItem\",\"position\":1,\"name\":\"Strona g\u0142\u00f3wna\",\"item\":\"https:\/\/lotel.is\/\"},{\"@type\":\"ListItem\",\"position\":2,\"name\":\"Versla\",\"item\":\"https:\/\/lotel.is\/verslun\/\"},{\"@type\":\"ListItem\",\"position\":3,\"name\":\"Cellini- \u00cdt\u00f6lsk kaffihylki\"}]},{\"@type\":\"WebSite\",\"@id\":\"https:\/\/lotel.is\/#website\",\"url\":\"https:\/\/lotel.is\/\",\"name\":\"lotel.is\",\"description\":\"lotel.is\",\"publisher\":{\"@id\":\"https:\/\/lotel.is\/#organization\"},\"potentialAction\":[{\"@type\":\"SearchAction\",\"target\":{\"@type\":\"EntryPoint\",\"urlTemplate\":\"https:\/\/lotel.is\/?s={search_term_string}\"},\"query-input\":\"required name=search_term_string\"}],\"inLanguage\":\"is\"},{\"@type\":\"Organization\",\"@id\":\"https:\/\/lotel.is\/#organization\",\"name\":\"lotel.is\",\"url\":\"https:\/\/lotel.is\/\",\"logo\":{\"@type\":\"ImageObject\",\"inLanguage\":\"is\",\"@id\":\"https:\/\/lotel.is\/#\/schema\/logo\/image\/\",\"url\":\"https:\/\/lotel.is\/wp-content\/uploads\/2023\/12\/cropped-Lotel_i_lit_1-2.png\",\"contentUrl\":\"https:\/\/lotel.is\/wp-content\/uploads\/2023\/12\/cropped-Lotel_i_lit_1-2.png\",\"width\":638,\"height\":227,\"caption\":\"lotel.is\"},\"image\":{\"@id\":\"https:\/\/lotel.is\/#\/schema\/logo\/image\/\"}}]}<\/script>\n<!-- \/ Yoast SEO plugin. -->","yoast_head_json":{"title":"Cellini- \u00cdt\u00f6lsk kaffihylki - lotel.is","robots":{"index":"index","follow":"follow","max-snippet":"max-snippet:-1","max-image-preview":"max-image-preview:large","max-video-preview":"max-video-preview:-1"},"canonical":"https:\/\/lotel.is\/is\/product\/itolsk-kaffihylki\/","og_locale":"is_IS","og_type":"article","og_title":"Cellini- \u00cdt\u00f6lsk kaffihylki - lotel.is","og_description":"&nbsp;  Framlei\u00f0sla: \u00cdtal\u00edu  Styrkur: 4-13","og_url":"https:\/\/lotel.is\/is\/product\/itolsk-kaffihylki\/","og_site_name":"lotel.is","article_modified_time":"2024-12-06T17:48:10+00:00","og_image":[{"width":1024,"height":1024,"url":"https:\/\/lotel.is\/wp-content\/uploads\/2023\/12\/20230522-CELLINI3460-1-1-1024x1024.png","type":"image\/png"}],"twitter_card":"summary_large_image","twitter_misc":{"Est. reading time":"1 minute"},"schema":{"@context":"https:\/\/schema.org","@graph":[{"@type":"WebPage","@id":"https:\/\/lotel.is\/product\/itolsk-kaffihylki\/","url":"https:\/\/lotel.is\/product\/itolsk-kaffihylki\/","name":"Cellini- \u00cdt\u00f6lsk kaffihylki - lotel.is","isPartOf":{"@id":"https:\/\/lotel.is\/#website"},"primaryImageOfPage":{"@id":"https:\/\/lotel.is\/product\/itolsk-kaffihylki\/#primaryimage"},"image":{"@id":"https:\/\/lotel.is\/product\/itolsk-kaffihylki\/#primaryimage"},"thumbnailUrl":"https:\/\/lotel.is\/wp-content\/uploads\/2023\/12\/20230522-CELLINI3460-1-1.png","datePublished":"2023-12-31T07:17:20+00:00","dateModified":"2024-12-06T17:48:10+00:00","breadcrumb":{"@id":"https:\/\/lotel.is\/product\/itolsk-kaffihylki\/#breadcrumb"},"inLanguage":"is","potentialAction":[{"@type":"ReadAction","target":["https:\/\/lotel.is\/product\/itolsk-kaffihylki\/"]}]},{"@type":"ImageObject","inLanguage":"is","@id":"https:\/\/lotel.is\/product\/itolsk-kaffihylki\/#primaryimage","url":"https:\/\/lotel.is\/wp-content\/uploads\/2023\/12\/20230522-CELLINI3460-1-1.png","contentUrl":"https:\/\/lotel.is\/wp-content\/uploads\/2023\/12\/20230522-CELLINI3460-1-1.png","width":5302,"height":5302},{"@type":"BreadcrumbList","@id":"https:\/\/lotel.is\/product\/itolsk-kaffihylki\/#breadcrumb","itemListElement":[{"@type":"ListItem","position":1,"name":"Strona g\u0142\u00f3wna","item":"https:\/\/lotel.is\/"},{"@type":"ListItem","position":2,"name":"Versla","item":"https:\/\/lotel.is\/verslun\/"},{"@type":"ListItem","position":3,"name":"Cellini- \u00cdt\u00f6lsk kaffihylki"}]},{"@type":"WebSite","@id":"https:\/\/lotel.is\/#website","url":"https:\/\/lotel.is\/","name":"lotel.is","description":"lotel.is","publisher":{"@id":"https:\/\/lotel.is\/#organization"},"potentialAction":[{"@type":"SearchAction","target":{"@type":"EntryPoint","urlTemplate":"https:\/\/lotel.is\/?s={search_term_string}"},"query-input":"required name=search_term_string"}],"inLanguage":"is"},{"@type":"Organization","@id":"https:\/\/lotel.is\/#organization","name":"lotel.is","url":"https:\/\/lotel.is\/","logo":{"@type":"ImageObject","inLanguage":"is","@id":"https:\/\/lotel.is\/#\/schema\/logo\/image\/","url":"https:\/\/lotel.is\/wp-content\/uploads\/2023\/12\/cropped-Lotel_i_lit_1-2.png","contentUrl":"https:\/\/lotel.is\/wp-content\/uploads\/2023\/12\/cropped-Lotel_i_lit_1-2.png","width":638,"height":227,"caption":"lotel.is"},"image":{"@id":"https:\/\/lotel.is\/#\/schema\/logo\/image\/"}}]}},"_links":{"self":[{"href":"https:\/\/lotel.is\/is\/wp-json\/wp\/v2\/product\/702"}],"collection":[{"href":"https:\/\/lotel.is\/is\/wp-json\/wp\/v2\/product"}],"about":[{"href":"https:\/\/lotel.is\/is\/wp-json\/wp\/v2\/types\/product"}],"wp:featuredmedia":[{"embeddable":true,"href":"https:\/\/lotel.is\/is\/wp-json\/wp\/v2\/media\/1543"}],"wp:attachment":[{"href":"https:\/\/lotel.is\/is\/wp-json\/wp\/v2\/media?parent=702"}],"wp:term":[{"taxonomy":"product_cat","embeddable":true,"href":"https:\/\/lotel.is\/is\/wp-json\/wp\/v2\/product_cat?post=702"},{"taxonomy":"product_tag","embeddable":true,"href":"https:\/\/lotel.is\/is\/wp-json\/wp\/v2\/product_tag?post=702"}],"curies":[{"name":"wp","href":"https:\/\/api.w.org\/{rel}","templated":true}]}}